{"id":4917,"date":"2022-10-24T10:51:08","date_gmt":"2022-10-24T08:51:08","guid":{"rendered":"https:\/\/wesley.hu\/wesley-college\/?page_id=4917"},"modified":"2025-04-18T10:07:56","modified_gmt":"2025-04-18T08:07:56","slug":"library","status":"publish","type":"page","link":"https:\/\/wesley.hu\/wesley-college\/about-us\/library\/","title":{"rendered":"Library"},"content":{"rendered":"<p>[et_pb_section fb_built=&#8221;1&#8243; custom_padding_last_edited=&#8221;on|phone&#8221; admin_label=&#8221;Header&#8221; _builder_version=&#8221;4.17.4&#8243; background_image=&#8221;https:\/\/wesley.hu\/wesley-college\/wp-content\/uploads\/2022\/10\/konyvtar.png&#8221; background_size=&#8221;contain&#8221; custom_padding=&#8221;110px||110px||true|false&#8221; custom_padding_tablet=&#8221;140px|0px|50px|0px|false|false&#8221; custom_padding_phone=&#8221;120px|||&#8221; z_index_tablet=&#8221;500&#8243; box_shadow_horizontal_tablet=&#8221;0px&#8221; box_shadow_vertical_tablet=&#8221;0px&#8221; box_shadow_blur_tablet=&#8221;40px&#8221; box_shadow_spread_tablet=&#8221;0px&#8221; global_colors_info=&#8221;{}&#8221;][et_pb_row _builder_version=&#8221;4.17.4&#8243; background_size=&#8221;initial&#8221; background_position=&#8221;top_left&#8221; background_repeat=&#8221;repeat&#8221; max_width=&#8221;1280px&#8221; use_custom_width=&#8221;on&#8221; custom_width_px=&#8221;1280px&#8221; global_colors_info=&#8221;{}&#8221;][et_pb_column type=&#8221;4_4&#8243; _builder_version=&#8221;4.16&#8243; custom_padding=&#8221;|||&#8221; global_colors_info=&#8221;{}&#8221; custom_padding__hover=&#8221;|||&#8221;][et_pb_text _builder_version=&#8221;4.17.4&#8243; _module_preset=&#8221;default&#8221; text_text_color=&#8221;#FFFFFF&#8221; text_font_size=&#8221;26px&#8221; header_text_color=&#8221;#FFFFFF&#8221; header_font_size=&#8221;54px&#8221; global_colors_info=&#8221;{}&#8221;]<\/p>\n<h1 style=\"text-align: right;\"><strong>LIBRARY<\/strong><\/h1>\n<p>[\/et_pb_text][\/et_pb_column][\/et_pb_row][\/et_pb_section][et_pb_section fb_built=&#8221;1&#8243; _builder_version=&#8221;4.25.1&#8243; global_colors_info=&#8221;{}&#8221;][et_pb_row _builder_version=&#8221;4.25.1&#8243; global_colors_info=&#8221;{}&#8221;][et_pb_column type=&#8221;4_4&#8243; _builder_version=&#8221;4.16&#8243; custom_padding=&#8221;|||&#8221; global_colors_info=&#8221;{}&#8221; custom_padding__hover=&#8221;|||&#8221;][et_pb_text _builder_version=&#8221;4.25.1&#8243; global_colors_info=&#8221;{}&#8221;]<\/p>\n<h3 style=\"text-align: center;\"><strong>Welcome to Website of John Wesley Theological College\u2019s Library!<\/strong><\/h3>\n<p>[\/et_pb_text][et_pb_accordion _builder_version=&#8221;4.25.1&#8243; _module_preset=&#8221;default&#8221; toggle_text_color=&#8221;#0C71C3&#8243; toggle_level=&#8221;h1&#8243; toggle_font=&#8221;|700||on|||||&#8221; hover_enabled=&#8221;0&#8243; global_colors_info=&#8221;{}&#8221; sticky_enabled=&#8221;0&#8243;][et_pb_accordion_item title=&#8221;OUR SERVICES&#8221; open=&#8221;on&#8221; _builder_version=&#8221;4.25.1&#8243; _module_preset=&#8221;default&#8221; hover_enabled=&#8221;0&#8243; global_colors_info=&#8221;{}&#8221; sticky_enabled=&#8221;0&#8243;]<\/p>\n<ul>\n<li>Reading Room<\/li>\n<li>Borrowing<\/li>\n<li>Digitisation (digital copies can be made in accordance with copyright law), printing and photocopying)<\/li>\n<li>Reference services<\/li>\n<li>Interlibrary loan (you can send us your request by e-mail, giving the bibliographic details of the article or book: author, title, journal title, volume and article number pages, OR doi)<\/li>\n<li>WIFI<\/li>\n<li>Use of library computers<\/li>\n<li><a href=\"http:\/\/62.77.233.205:4480\/\"><strong>Catalogue (OPAC)<\/strong>\u00a0<\/a><\/li>\n<\/ul>\n<p>[\/et_pb_accordion_item][et_pb_accordion_item title=&#8221;Research Support&#8221; _builder_version=&#8221;4.17.4&#8243; _module_preset=&#8221;default&#8221; global_colors_info=&#8221;{}&#8221; open=&#8221;off&#8221;]<\/p>\n<p><strong>SOME FREELY ACCESSIBLE DATABASES\u00a0 AND ARCHIVES<\/strong><\/p>\n<p><a href=\"https:\/\/beth.eu\/resources\/open-access-links-from-our-members\/\">BETH<\/a> \u2013 open access resources on religion and theology in Europe and worldwide<\/p>\n<p><a href=\"https:\/\/compass.mtak.hu\/\">COMPASS<\/a> \u2013 search interface for electronic scientific content available in Hungary. You can search by journal title, book title, article title, doi number, and what resources are available in a given institution or town.<\/p>\n<p><a href=\"https:\/\/directory.doabooks.org\/discover\">Directory of open access books<\/a> &#8211; DOAB provides a searchable index to peer-reviewed monographs and edited collections published under an open access license with links to the full text of the publication on the publisher\u2019s website or repository.<\/p>\n<p><a href=\"https:\/\/ec.europa.eu\/eurostat\">EUROSTAT<\/a> \u2013 Eurostat is the statistical office of the European Union, whose task is to provide high-quality statistics and data about Europe.<\/p>\n<p><a href=\"https:\/\/www.mdpi.com\/\">MDPI &#8211; Open Access Publisher&#8217;s<\/a> \u00a0database \u2013 you can browse Open Acces \u00a0publications of a wide variety of disciplines: religious studies, social sciences, \u00a0natural sciences, etc.<\/p>\n<p><a href=\"http:\/\/www.oapen.org\/home\">OAPEN<\/a> \u2013 the library contains scientific books available for free (Open Access Books) mainly in the field of humanities and social sciences.<\/p>\n<p>[\/et_pb_accordion_item][et_pb_accordion_item title=&#8221;Libraries in Budapest&#8221; _builder_version=&#8221;4.25.1&#8243; _module_preset=&#8221;default&#8221; global_colors_info=&#8221;{}&#8221; open=&#8221;off&#8221;]<\/p>\n<h2><a href=\"https:\/\/fszek.hu\/en\" target=\"_blank\" rel=\"noopener\">Metropolitan Ervin Szab\u00f3 Library<\/a><\/h2>\n<p>The Metropolitan Ervin Szab\u00f3 Library (F\u0151v\u00e1rosi Szab\u00f3 Ervin K\u00f6nyvt\u00e1r \u2013 FSZEK for short) (hereinafter Library or FSZEK) is a public library; its services are available to anyone who accepts and observes its\u00a0<a href=\"https:\/\/fszek.hu\/hsz-en\" target=\"_blank\" rel=\"noopener\">Terms of Use<\/a>.<br \/>By clicking on the titles below you can find details <a href=\"https:\/\/fszek.hu\/en\/use\/who-registration\" target=\"_blank\" rel=\"noopener\">about the conditions of library membership,<\/a>\u00a0<a href=\"https:\/\/fszek.hu\/en\/use\/registration-info\" target=\"_blank\" rel=\"noopener\">official documents required for membership<\/a>,\u00a0<a href=\"https:\/\/fszek.hu\/en\/use\/registration\" target=\"_blank\" rel=\"noopener\">registration fees and discounts<\/a>. View these links to find out more about\u00a0<a href=\"https:\/\/fszek.hu\/en\/use\/lostcard\" target=\"_blank\" rel=\"noopener\">the replacement of lost library cards<\/a>, and\u00a0<a href=\"https:\/\/fszek.hu\/en\/use\/termination\" target=\"_blank\" rel=\"noopener\">how to cancel a membership<\/a>. These links provide practical information on\u00a0<a href=\"https:\/\/fszek.hu\/en\/use\/overdue\" target=\"_blank\" rel=\"noopener\">overdue charges<\/a>\u00a0and\u00a0<a href=\"https:\/\/fszek.hu\/en\/use\/compensation\" target=\"_blank\" rel=\"noopener\">compensation fees<\/a>\u00a0and\u00a0<a href=\"https:\/\/fszek.hu\/en\/use\/remoteserv\" target=\"_blank\" rel=\"noopener\">online resources<\/a>.<br \/>You can read about the acceptance of data protections&#8217;s terms in <a href=\"https:\/\/fszek.hu\/en\/use\/dataprotection\" target=\"_blank\" rel=\"noopener\">the Data protection submenu<\/a>\u00a0which is the terms of membership, too.<br \/>We are looking forward to seeing you in our libraries!<\/p>\n<p><strong>Address: <\/strong>1088 Budapest, Szab\u00f3 Ervin t\u00e9r 1. <strong>Phone: <\/strong>(+36-1) 411-5000 <strong>E-mail: <\/strong><a href=\"mailto:titkar@fszek.hu\">info@fszek.hu<\/a><\/p>\n<h2 id=\"site-name\"><a href=\"https:\/\/www.omikk.bme.hu\/en\">Budapest University of Technology and Economics\u00a0<\/a><br \/><span class=\"bme-omikk-name\">National Technical Information Centre and Library<\/span><\/h2>\n<p>1111 Budapest, M\u0171egyetem rkp. 3. <strong>e-mail:\u00a0<\/strong><a href=\"mailto:library@bme.hu\" target=\"_blank\" rel=\"noopener\">library@bme.hu<\/a><\/p>\n<p class=\"h3class\"><strong>Opening hours<\/strong>: Monday &#8211; Friday\u00a0<em>(closed during weekends):\u00a0<\/em><strong>Central Circulation<\/strong>,\u00a0<strong>Main Reading Room, Technology and Natural Sciences Reading Room, Textbooks Reading Room, Community areas, Community room<\/strong><em>\u00a0(K building, mezzanine floor 51)<\/em><br \/>8 am &#8211; 8 pm<\/p>\n<p><strong>Economics and Social Sciences Reading Room<\/strong><br \/>8 am &#8211; 7:30 pm<\/p>\n<h2><a href=\"https:\/\/library.ceu.edu\/using-the-library\/external-members\/\">CEU Library (Budapest)<\/a><\/h2>\n<p class=\"ContentPasted0\">The CEU Library in Budapest, is pleased to grant external membership to students and faculty from other educational institutions with similar curricula as well as to other researchers not affiliated with CEU who require the use of the CEU Library Budapest collections for their scholarly research. Although registration is free of charge, we require that external members cover the cost of producing the membership card (3 EUR) which is payable ahead online. No refunds are possible.\u00a0External members are entitled to use most of the services of the Library, with the exception of borrowing privileges, access to Interlibrary Loan services, booking labs, and using some databases whose licenses are restricted. Using laptops or public library PCs, external members can connect to most of the licensed databases from the Library.<\/p>\n<p><a href=\"https:\/\/fs11.formsite.com\/ceulib\/form29\/index.html\"><strong>Submit your membership form<\/strong>.<\/a><\/p>\n<p class=\"ContentPasted0\">Your request will be reviewed within 3 working days. By submitting the form you will prove that you have accepted the Library rules and agree to cover the cost of producing the membership card (3 EUR) which is needed to be paid ahead online. If you have any questions, please call (+361) 327-3099 or send an e-mail to\u00a0<a class=\"ContentPasted0\" href=\"mailto:contactLibrary@ceu.edu\">contactLibrary@ceu.edu<\/a>. CEU Library reserves the right to withdraw membership from offenders of its rules.<\/p>\n<p>&nbsp;<\/p>\n<p>[\/et_pb_accordion_item][\/et_pb_accordion][\/et_pb_column][\/et_pb_row][\/et_pb_section]<\/p>\n","protected":false},"excerpt":{"rendered":"<p>LIBRARYWelcome to Website of John Wesley Theological College\u2019s Library! Reading Room Borrowing Digitisation (digital copies can be made in accordance with copyright law), printing and photocopying) Reference services Interlibrary loan (you can send us your request by e-mail, giving the bibliographic details of the article or book: author, title, journal title, volume and article number [&hellip;]<\/p>\n","protected":false},"author":2,"featured_media":0,"parent":76,"menu_order":0,"comment_status":"closed","ping_status":"closed","template":"","meta":{"_seopress_robots_primary_cat":"","_seopress_titles_title":"","_seopress_titles_desc":"","_seopress_robots_index":"","_et_pb_use_builder":"on","_et_pb_old_content":"","_et_gb_content_width":"","footnotes":""},"class_list":["post-4917","page","type-page","status-publish","hentry"],"_links":{"self":[{"href":"https:\/\/wesley.hu\/wesley-college\/wp-json\/wp\/v2\/pages\/4917","targetHints":{"allow":["GET"]}}],"collection":[{"href":"https:\/\/wesley.hu\/wesley-college\/wp-json\/wp\/v2\/pages"}],"about":[{"href":"https:\/\/wesley.hu\/wesley-college\/wp-json\/wp\/v2\/types\/page"}],"author":[{"embeddable":true,"href":"https:\/\/wesley.hu\/wesley-college\/wp-json\/wp\/v2\/users\/2"}],"replies":[{"embeddable":true,"href":"https:\/\/wesley.hu\/wesley-college\/wp-json\/wp\/v2\/comments?post=4917"}],"version-history":[{"count":4,"href":"https:\/\/wesley.hu\/wesley-college\/wp-json\/wp\/v2\/pages\/4917\/revisions"}],"predecessor-version":[{"id":5871,"href":"https:\/\/wesley.hu\/wesley-college\/wp-json\/wp\/v2\/pages\/4917\/revisions\/5871"}],"up":[{"embeddable":true,"href":"https:\/\/wesley.hu\/wesley-college\/wp-json\/wp\/v2\/pages\/76"}],"wp:attachment":[{"href":"https:\/\/wesley.hu\/wesley-college\/wp-json\/wp\/v2\/media?parent=4917"}],"curies":[{"name":"wp","href":"https:\/\/api.w.org\/{rel}","templated":true}]}}