{"id":2596,"date":"2020-05-11T09:09:05","date_gmt":"2020-05-11T07:09:05","guid":{"rendered":"https:\/\/wesley.hu\/wesley-college\/?page_id=2596"},"modified":"2021-04-06T10:51:38","modified_gmt":"2021-04-06T08:51:38","slug":"workgroup-for-international-affairs","status":"publish","type":"page","link":"https:\/\/wesley.hu\/wesley-college\/departments\/workgroup-for-international-affairs\/","title":{"rendered":"Workgroup for International Affairs"},"content":{"rendered":"<p>[et_pb_section fb_built=&#8221;1&#8243; custom_padding_last_edited=&#8221;on|phone&#8221; admin_label=&#8221;Header&#8221; _builder_version=&#8221;4.0.11&#8243; background_image=&#8221;https:\/\/wesley.hu\/wesley-college\/wp-content\/uploads\/2020\/05\/InternationalAffairs.jpg&#8221; custom_padding=&#8221;110px||110px||true|false&#8221; custom_padding_tablet=&#8221;140px|0px|50px|0px|false|false&#8221; custom_padding_phone=&#8221;120px|||&#8221;][et_pb_row _builder_version=&#8221;3.25&#8243; background_size=&#8221;initial&#8221; background_position=&#8221;top_left&#8221; background_repeat=&#8221;repeat&#8221; max_width=&#8221;1280px&#8221; use_custom_width=&#8221;on&#8221; custom_width_px=&#8221;1280px&#8221;][et_pb_column type=&#8221;4_4&#8243; _builder_version=&#8221;3.25&#8243; custom_padding=&#8221;|||&#8221; custom_padding__hover=&#8221;|||&#8221;][et_pb_text _builder_version=&#8221;4.4.8&#8243; _dynamic_attributes=&#8221;content&#8221; text_font=&#8221;|700||on|||||&#8221; text_text_color=&#8221;#ffffff&#8221; text_font_size=&#8221;40px&#8221; text_line_height=&#8221;2em&#8221; header_font=&#8221;EB Garamond||||||||&#8221; header_font_size=&#8221;60px&#8221; header_line_height=&#8221;1.3em&#8221; header_2_font=&#8221;||||||||&#8221; text_orientation=&#8221;center&#8221; max_width=&#8221;600px&#8221; module_alignment=&#8221;center&#8221; text_font_size_tablet=&#8221;&#8221; text_font_size_phone=&#8221;26px&#8221; text_font_size_last_edited=&#8221;on|desktop&#8221; text_line_height_tablet=&#8221;&#8221; text_line_height_phone=&#8221;1.6em&#8221; text_line_height_last_edited=&#8221;on|phone&#8221; header_font_size_tablet=&#8221;50px&#8221; header_font_size_phone=&#8221;32px&#8221; header_font_size_last_edited=&#8221;on|phone&#8221; text_text_shadow_style=&#8221;preset1&#8243;]@ET-DC@eyJkeW5hbWljIjp0cnVlLCJjb250ZW50IjoicG9zdF90aXRsZSIsInNldHRpbmdzIjp7ImJlZm9yZSI6IiIsImFmdGVyIjoiIn19@[\/et_pb_text][\/et_pb_column][\/et_pb_row][\/et_pb_section][et_pb_section fb_built=&#8221;1&#8243; _builder_version=&#8221;3.22.3&#8243;][et_pb_row _builder_version=&#8221;3.25&#8243; background_size=&#8221;initial&#8221; background_position=&#8221;top_left&#8221; background_repeat=&#8221;repeat&#8221;][et_pb_column type=&#8221;4_4&#8243; _builder_version=&#8221;3.25&#8243; custom_padding=&#8221;|||&#8221; custom_padding__hover=&#8221;|||&#8221;][et_pb_accordion _builder_version=&#8221;4.4.8&#8243; toggle_font_size=&#8221;24px&#8221; use_background_color_gradient=&#8221;on&#8221;][et_pb_accordion_item title=&#8221;General description&#8221; open=&#8221;on&#8221; _builder_version=&#8221;4.0.11&#8243;]<\/p>\n<p style=\"text-align: center;\"><img loading=\"lazy\" decoding=\"async\" class=\"wp-image-2660 size-medium alignleft\" src=\"https:\/\/wesley.hu\/wesley-college\/wp-content\/uploads\/2020\/05\/logo-300x252.png\" alt=\"\" width=\"300\" height=\"252\" srcset=\"https:\/\/wesley.hu\/wesley-college\/wp-content\/uploads\/2020\/05\/logo-300x252.png 300w, https:\/\/wesley.hu\/wesley-college\/wp-content\/uploads\/2020\/05\/logo.png 409w\" sizes=\"(max-width: 300px) 100vw, 300px\" \/><\/p>\n<p>&nbsp;<\/p>\n<p>&nbsp;<\/p>\n<p>The Workgroup for International Affairs (WIA) is responsible for the implementation of the College\u2019s Internationalization Strategy.\u00a0 It is responsible for organizing and conducting international networking activities. It organizes international recruitment, incoming and outgoing student mobility, staff mobility, international relations with international organizations, prepares and implements project proposals.<\/p>\n<p>[\/et_pb_accordion_item][et_pb_accordion_item title=&#8221;Ongoing international projects&#8221; _builder_version=&#8221;4.0.11&#8243; open=&#8221;off&#8221;]<\/p>\n<p><a href=\"https:\/\/wesley.hu\/wesley-college\/stipendium-hungaricum\/\">Stipendium Hungaricum scholarship programme<\/a><\/p>\n<p>[\/et_pb_accordion_item][et_pb_accordion_item title=&#8221;WIA Members&#8221; _builder_version=&#8221;4.4.8&#8243; open=&#8221;off&#8221;]<\/p>\n<table width=\"100%\">\n<tbody>\n<tr>\n<td width=\"20%\"><img loading=\"lazy\" decoding=\"async\" class=\"aligncenter wp-image-2643 size-full\" src=\"https:\/\/wesley.hu\/wesley-college\/wp-content\/uploads\/2020\/05\/Zsuzsa.jpg\" alt=\"\" width=\"200\" height=\"250\" \/><\/td>\n<td width=\"20%\"><img loading=\"lazy\" decoding=\"async\" class=\"aligncenter wp-image-2639 size-full\" src=\"https:\/\/wesley.hu\/wesley-college\/wp-content\/uploads\/2020\/05\/Andr\u00e1s.jpg\" alt=\"\" width=\"200\" height=\"250\" \/><\/td>\n<td width=\"20%\"><img loading=\"lazy\" decoding=\"async\" class=\"aligncenter wp-image-2642 size-full\" src=\"https:\/\/wesley.hu\/wesley-college\/wp-content\/uploads\/2020\/05\/VPetra.jpg\" alt=\"\" width=\"200\" height=\"250\" \/><\/td>\n<td width=\"20%\"><img loading=\"lazy\" decoding=\"async\" class=\"wp-image-2659 size-full aligncenter\" src=\"https:\/\/wesley.hu\/wesley-college\/wp-content\/uploads\/2020\/05\/image.png\" alt=\"\" width=\"96\" height=\"96\" \/><\/td>\n<td width=\"20%\"><img loading=\"lazy\" decoding=\"async\" class=\"wp-image-2835 alignnone size-full\" src=\"https:\/\/wesley.hu\/wesley-college\/wp-content\/uploads\/2020\/07\/FrankKline.png\" alt=\"\" width=\"200\" height=\"250\" \/><\/td>\n<\/tr>\n<tr>\n<td style=\"text-align: center;\" width=\"152\"><a href=\"mailto: plankzsuzsa@wjlf.hu\">Zsuzsanna Plank<\/a><\/td>\n<td style=\"text-align: center;\" width=\"65\"><a href=\"mailto: csepregiandras@wjlf.hu\">Andr\u00e1s Csepregi<\/a><\/td>\n<td style=\"text-align: center;\" width=\"85\"><a href=\"mailto: verebicspetra@wjlf.hu\">Petra Verebics<\/a><\/td>\n<td style=\"text-align: center;\" width=\"95\"><a href=\"mailto: tothtamas@wjlf.hu\">\u00a0Tam\u00e1s\u00a0 T\u00f3th<\/a><\/td>\n<td style=\"text-align: center;\" width=\"95\"><a href=\"mailto:frankmkline2@gmail.com%20\">Frank Kline<\/a><\/td>\n<\/tr>\n<tr>\n<td style=\"text-align: center;\" width=\"152\">\n<p><strong>International Coordinator<\/strong><\/p>\n<p>Environmental Science<\/p>\n<\/td>\n<td style=\"text-align: center;\" width=\"65\">Theology<\/td>\n<td style=\"text-align: center;\" width=\"85\">Catechetical Ministry<\/td>\n<td style=\"text-align: center;\" width=\"95\">Education Science<\/td>\n<td style=\"text-align: center;\" width=\"95\">\n<p><strong>External expert<\/strong><\/p>\n<p>Seattle, USA<\/p>\n<\/td>\n<\/tr>\n<\/tbody>\n<\/table>\n<p>&nbsp;<\/p>\n<p>&nbsp;<\/p>\n<table width=\"100%\">\n<tbody>\n<tr>\n<td style=\"width: 252.3px;\"><img loading=\"lazy\" decoding=\"async\" class=\"aligncenter wp-image-2641 size-full\" src=\"https:\/\/wesley.hu\/wesley-college\/wp-content\/uploads\/2020\/05\/t\u00edmea.jpg\" alt=\"\" width=\"200\" height=\"250\" \/><\/td>\n<td style=\"width: 252.283px;\"><img loading=\"lazy\" decoding=\"async\" class=\"aligncenter wp-image-2656 size-full\" src=\"https:\/\/wesley.hu\/wesley-college\/wp-content\/uploads\/2020\/05\/Chris.jpeg\" alt=\"\" width=\"200\" height=\"250\" \/><\/td>\n<td style=\"width: 252.3px;\"><img decoding=\"async\" class=\"aligncenter\" src=\"https:\/\/wesley.hu\/wesley-college\/wp-content\/uploads\/2020\/05\/image.png\" \/><\/td>\n<td style=\"width: 252.283px;\"><img loading=\"lazy\" decoding=\"async\" class=\"wp-image-2665 alignnone size-full\" src=\"https:\/\/wesley.hu\/wesley-college\/wp-content\/uploads\/2020\/05\/Pokami.jpg\" alt=\"\" width=\"200\" height=\"250\" \/><\/td>\n<\/tr>\n<tr>\n<td style=\"text-align: center; width: 252.3px;\"><a href=\"mailto: timeabagdi@gmail.com\">T\u00edmea Bagdi<\/a><\/td>\n<td style=\"text-align: center; width: 252.283px;\"><a href=\"mailto: nweremizuchristopher@wjlf.hu\">Christopher Nweremizu Obiora<\/a><\/td>\n<td style=\"text-align: center; width: 252.3px;\"><a href=\"mailto: bibojanos@wjlf.hu\">J\u00e1nos Bib\u00f3<\/a><\/td>\n<td style=\"text-align: center; width: 252.283px;\"><a href=\"mailto: pokamilla@wjlf.hu\">Kamilla Bornai<\/a><\/td>\n<\/tr>\n<tr>\n<td style=\"text-align: center; width: 252.3px;\">Social work<\/td>\n<td style=\"text-align: center; width: 252.283px;\">Student Union<\/td>\n<td style=\"text-align: center; width: 252.3px;\">Project officer<\/td>\n<td style=\"text-align: center; width: 252.283px;\">Administrator<\/td>\n<\/tr>\n<\/tbody>\n<\/table>\n<p>&nbsp;<\/p>\n<p>&nbsp;<\/p>\n<p>&nbsp;<\/p>\n<p>[\/et_pb_accordion_item][et_pb_accordion_item title=&#8221;Documents&#8221; _builder_version=&#8221;4.0.11&#8243; open=&#8221;off&#8221;]<\/p>\n<p><a href=\"https:\/\/wesley.hu\/wesley-college\/wp-content\/uploads\/2020\/05\/Nemzetk\u00f6ziesed\u00e9si-strat\u00e9gia2020.pdf\" rel=\"attachment wp-att-2635\">WJLF Internationalization Strategy (in Hungarian)<\/a><\/p>\n<p>WJLF Internationalization Strategy (in English)<\/p>\n<p><a href=\"https:\/\/wesley.hu\/wesley-college\/wp-content\/uploads\/2020\/05\/Nemzetk\u00f6ziKapcsMcs-szab\u00e1lyzat.pdf\" rel=\"attachment wp-att-2636\">WIA Operational Rules (in Hungarian)<\/a><\/p>\n<p>WIA Operational Rules (in English)<\/p>\n<p>&nbsp;<\/p>\n<p>&nbsp;<\/p>\n<p>[\/et_pb_accordion_item][\/et_pb_accordion][\/et_pb_column][\/et_pb_row][\/et_pb_section]<\/p>\n","protected":false},"excerpt":{"rendered":"<p>&nbsp; &nbsp; The Workgroup for International Affairs (WIA) is responsible for the implementation of the College\u2019s Internationalization Strategy.\u00a0 It is responsible for organizing and conducting international networking activities. It organizes international recruitment, incoming and outgoing student mobility, staff mobility, international relations with international organizations, prepares and implements project proposals.Stipendium Hungaricum scholarship programme Zsuzsanna Plank Andr\u00e1s [&hellip;]<\/p>\n","protected":false},"author":2,"featured_media":0,"parent":40,"menu_order":0,"comment_status":"closed","ping_status":"closed","template":"","meta":{"_seopress_robots_primary_cat":"","_seopress_titles_title":"","_seopress_titles_desc":"","_seopress_robots_index":"","_et_pb_use_builder":"on","_et_pb_old_content":"","_et_gb_content_width":"","footnotes":""},"class_list":["post-2596","page","type-page","status-publish","hentry"],"_links":{"self":[{"href":"https:\/\/wesley.hu\/wesley-college\/wp-json\/wp\/v2\/pages\/2596","targetHints":{"allow":["GET"]}}],"collection":[{"href":"https:\/\/wesley.hu\/wesley-college\/wp-json\/wp\/v2\/pages"}],"about":[{"href":"https:\/\/wesley.hu\/wesley-college\/wp-json\/wp\/v2\/types\/page"}],"author":[{"embeddable":true,"href":"https:\/\/wesley.hu\/wesley-college\/wp-json\/wp\/v2\/users\/2"}],"replies":[{"embeddable":true,"href":"https:\/\/wesley.hu\/wesley-college\/wp-json\/wp\/v2\/comments?post=2596"}],"version-history":[{"count":5,"href":"https:\/\/wesley.hu\/wesley-college\/wp-json\/wp\/v2\/pages\/2596\/revisions"}],"predecessor-version":[{"id":3773,"href":"https:\/\/wesley.hu\/wesley-college\/wp-json\/wp\/v2\/pages\/2596\/revisions\/3773"}],"up":[{"embeddable":true,"href":"https:\/\/wesley.hu\/wesley-college\/wp-json\/wp\/v2\/pages\/40"}],"wp:attachment":[{"href":"https:\/\/wesley.hu\/wesley-college\/wp-json\/wp\/v2\/media?parent=2596"}],"curies":[{"name":"wp","href":"https:\/\/api.w.org\/{rel}","templated":true}]}}