{"id":177,"date":"2019-05-21T09:06:30","date_gmt":"2019-05-21T09:06:30","guid":{"rendered":"https:\/\/wesley.hu\/wesley-college\/?page_id=177"},"modified":"2025-07-09T21:49:54","modified_gmt":"2025-07-09T19:49:54","slug":"social-work-ba","status":"publish","type":"page","link":"https:\/\/wesley.hu\/wesley-college\/programmes\/social-work-ba\/","title":{"rendered":"Social Work BA"},"content":{"rendered":"<p>[et_pb_section fb_built=&#8221;1&#8243; custom_padding_last_edited=&#8221;on|phone&#8221; admin_label=&#8221;Header&#8221; _builder_version=&#8221;4.16&#8243; background_image=&#8221;https:\/\/wesley.hu\/wesley-college\/wp-content\/uploads\/2019\/12\/socworks.jpg&#8221; min_height=&#8221;400px&#8221; height_tablet=&#8221;&#8221; height_phone=&#8221;&#8221; height_last_edited=&#8221;on|desktop&#8221; max_height=&#8221;562px&#8221; custom_padding=&#8221;110px||110px||true|false&#8221; custom_padding_tablet=&#8221;140px|0px|50px|0px|false|false&#8221; custom_padding_phone=&#8221;120px|||&#8221; global_colors_info=&#8221;{}&#8221;][et_pb_row _builder_version=&#8221;4.16&#8243; background_size=&#8221;initial&#8221; background_position=&#8221;top_left&#8221; background_repeat=&#8221;repeat&#8221; max_width=&#8221;1280px&#8221; use_custom_width=&#8221;on&#8221; custom_width_px=&#8221;1280px&#8221; global_colors_info=&#8221;{}&#8221;][et_pb_column type=&#8221;4_4&#8243; _builder_version=&#8221;4.16&#8243; custom_padding=&#8221;|||&#8221; global_colors_info=&#8221;{}&#8221; custom_padding__hover=&#8221;|||&#8221;][et_pb_text _builder_version=&#8221;4.16&#8243; _dynamic_attributes=&#8221;content&#8221; text_font=&#8221;|700||on|||||&#8221; text_text_color=&#8221;#ffffff&#8221; text_font_size=&#8221;40px&#8221; text_line_height=&#8221;2em&#8221; header_font=&#8221;EB Garamond||||||||&#8221; header_font_size=&#8221;60px&#8221; header_line_height=&#8221;1.3em&#8221; header_2_font=&#8221;||||||||&#8221; text_orientation=&#8221;center&#8221; max_width=&#8221;600px&#8221; module_alignment=&#8221;center&#8221; text_font_size_tablet=&#8221;&#8221; text_font_size_phone=&#8221;26px&#8221; text_font_size_last_edited=&#8221;on|desktop&#8221; text_line_height_tablet=&#8221;&#8221; text_line_height_phone=&#8221;1.6em&#8221; text_line_height_last_edited=&#8221;on|phone&#8221; header_font_size_tablet=&#8221;50px&#8221; header_font_size_phone=&#8221;32px&#8221; header_font_size_last_edited=&#8221;on|phone&#8221; text_text_shadow_style=&#8221;preset1&#8243; global_colors_info=&#8221;{}&#8221;]@ET-DC@eyJkeW5hbWljIjp0cnVlLCJjb250ZW50IjoicG9zdF90aXRsZSIsInNldHRpbmdzIjp7ImJlZm9yZSI6IiIsImFmdGVyIjoiIn19@[\/et_pb_text][\/et_pb_column][\/et_pb_row][\/et_pb_section][et_pb_section fb_built=&#8221;1&#8243; _builder_version=&#8221;4.25.1&#8243; _module_preset=&#8221;default&#8221; global_colors_info=&#8221;{}&#8221;][et_pb_row _builder_version=&#8221;4.25.1&#8243; _module_preset=&#8221;default&#8221; global_colors_info=&#8221;{}&#8221;][et_pb_column type=&#8221;4_4&#8243; _builder_version=&#8221;4.25.1&#8243; _module_preset=&#8221;default&#8221; global_colors_info=&#8221;{}&#8221;][et_pb_cta title=&#8221;Social Work BA in English is available!&#8221; button_text=&#8221;Click Here&#8221; _builder_version=&#8221;4.25.1&#8243; _module_preset=&#8221;default&#8221; global_colors_info=&#8221;{}&#8221;]<\/p>\n<h4 style=\"text-align: center;\"><em><strong>Dreaming of a career in social work? \ud83c\udf0d<\/strong> <\/em><\/h4>\n<h4 style=\"text-align: center;\"><strong>Now you can study in English and make an impact across the globe.<\/strong><\/h4>\n<p style=\"text-align: center;\">Our BA in Social Work is now fully available in English \u2014 making world-class education more accessible than ever. Gain skills that are globally relevant and prepare for social work opportunities around the world.<\/p>\n<p style=\"text-align: center;\">Starting September 2025<\/p>\n<p>[\/et_pb_cta][\/et_pb_column][\/et_pb_row][\/et_pb_section][et_pb_section fb_built=&#8221;1&#8243; _builder_version=&#8221;4.16&#8243; global_colors_info=&#8221;{}&#8221;][et_pb_row column_structure=&#8221;2_3,1_3&#8243; _builder_version=&#8221;4.25.1&#8243; global_colors_info=&#8221;{}&#8221;][et_pb_column type=&#8221;2_3&#8243; _builder_version=&#8221;4.16&#8243; custom_padding=&#8221;|||&#8221; global_colors_info=&#8221;{}&#8221; custom_padding__hover=&#8221;|||&#8221;][et_pb_accordion _builder_version=&#8221;4.25.1&#8243; use_background_color_gradient=&#8221;on&#8221; hover_enabled=&#8221;0&#8243; global_colors_info=&#8221;{}&#8221; sticky_enabled=&#8221;0&#8243;][et_pb_accordion_item title=&#8221;Introduction&#8221; open=&#8221;off&#8221; open_toggle_text_color=&#8221;#0C71C3&#8243; _builder_version=&#8221;4.25.1&#8243; hover_enabled=&#8221;0&#8243; inline_fonts=&#8221;Cambay&#8221; global_colors_info=&#8221;{}&#8221; toggle_text_color=&#8221;#0C71C3&#8243; toggle_font=&#8221;Alegreya Sans SC|700|on||||||&#8221; toggle_font_size=&#8221;32px&#8221; sticky_enabled=&#8221;0&#8243;]<\/p>\n<p data-start=\"109\" data-end=\"730\">The aim of the Bachelor&#8217;s degree programme is to provide practice-oriented training for future social work professionals who, grounded in the global principles, scientific and professional foundations, ethical standards, and core methods of social work, are capable of practicing social work as a vocation\u2014primarily in the broadly interpreted fields of child welfare and social services. Graduates are committed to reducing social inequalities and exclusion, enhancing well-being, and upholding democratic values. They are prepared to carry out professional and responsible social work practice in service of these goals.<\/p>\n<p data-start=\"732\" data-end=\"1046\">The programme meets both national and international professional standards for social work education and aligns with the qualification requirements of similar programmes across the European Higher Education Area. Graduates of the BA programme are also well-prepared to continue their studies at the master&#8217;s level.<\/p>\n<p data-start=\"1048\" data-end=\"1253\">Social Work is one of the most practice-oriented bachelor&#8217;s programmes within the field of social sciences. The work of professionals trained in this programme is founded on a commitment to helping others.<\/p>\n<p data-start=\"1255\" data-end=\"1518\">The role of social workers is to maintain the delicate balance between individuals and their social environment. When this balance can no longer be sustained, they work to mitigate and professionally address the arising social problems as effectively as possible.<\/p>\n<p data-start=\"1520\" data-end=\"1631\">The ultimate goal of social work is to uphold human rights and social justice while promoting social inclusion.<\/p>\n<p data-start=\"1633\" data-end=\"1827\">The key virtues of a social worker include unconditional acceptance, helpfulness, empathy, curiosity, altruism, creativity, resourcefulness, and, last but not least, strong communication skills.<\/p>\n<p data-start=\"1829\" data-end=\"1968\">Despite its name, social work is not merely a job\u2014it is a calling, a vocation that is difficult to pursue without deep personal dedication.<\/p>\n<p>[\/et_pb_accordion_item][et_pb_accordion_item title=&#8221;Admission&#8221; open_toggle_text_color=&#8221;#0C71C3&#8243; _builder_version=&#8221;4.25.1&#8243; inline_fonts=&#8221;Cambay&#8221; global_colors_info=&#8221;{}&#8221; toggle_text_color=&#8221;#0C71C3&#8243; toggle_font=&#8221;Alegreya Sans SC|700|on||||||&#8221; toggle_font_size=&#8221;32px&#8221; open=&#8221;off&#8221;]<\/p>\n<table style=\"width: 554px; height: 92px;\">\n<tbody>\n<tr style=\"height: 23px;\">\n<td style=\"height: 23px; width: 190.656px;\"><strong>Admission requirements<\/strong><\/td>\n<td style=\"height: 23px; width: 347.344px;\">Secondary school certificate, Completed Preparatory Course or Hungarian language skills<\/td>\n<\/tr>\n<tr style=\"height: 23px;\">\n<td style=\"height: 23px; width: 190.656px;\"><strong>Next course starts<\/strong><\/td>\n<td style=\"height: 23px; width: 347.344px;\">September 2025<\/td>\n<\/tr>\n<tr style=\"height: 23px;\">\n<td style=\"height: 23px; width: 190.656px;\"><strong>Application deadline<\/strong><\/td>\n<td style=\"height: 23px; width: 347.344px;\">Application is open<\/td>\n<\/tr>\n<tr style=\"height: 23px;\">\n<td style=\"height: 23px; width: 190.656px;\"><strong>Online application<\/strong><\/td>\n<td style=\"height: 23px; width: 347.344px;\"><a href=\"https:\/\/wesley.hu\/wesley-college\/students\/admission-requirements\/application\/\">Application information<\/a><\/td>\n<\/tr>\n<\/tbody>\n<\/table>\n<p>&nbsp;<\/p>\n<p>[\/et_pb_accordion_item][et_pb_accordion_item title=&#8221;Thematics&#8221; open_toggle_text_color=&#8221;#0C71C3&#8243; _builder_version=&#8221;4.25.1&#8243; _module_preset=&#8221;default&#8221; global_colors_info=&#8221;{}&#8221; toggle_text_color=&#8221;#0C71C3&#8243; toggle_level=&#8221;h5&#8243; toggle_font=&#8221;Alegreya Sans SC|700|on||||||&#8221; toggle_font_size=&#8221;32px&#8221; open=&#8221;off&#8221;]<\/p>\n<table style=\"height: 346px;\">\n<tbody>\n<tr style=\"height: 93px;\">\n<td style=\"width: 40px; height: 93px;\"><strong>\u00a0<\/strong><\/td>\n<td style=\"width: 132px; text-align: center; height: 93px;\">\n<h4><strong>Course code<\/strong><\/h4>\n<\/td>\n<td style=\"width: 371px; text-align: center; height: 93px;\">\n<h4><strong>Course title<\/strong><\/h4>\n<\/td>\n<td style=\"width: 61px; text-align: center; height: 93px;\">\n<h4><strong>ECTS credits<\/strong><\/h4>\n<\/td>\n<td style=\"width: 123px; text-align: center; height: 93px;\">\n<h4><strong>Assessment<\/strong><\/h4>\n<\/td>\n<\/tr>\n<tr style=\"height: 23px;\">\n<td style=\"width: 40px; text-align: right; height: 23px;\">1.<\/td>\n<td style=\"width: 132px; height: 23px; text-align: right;\">SMAK704A<\/td>\n<td style=\"width: 371px; height: 23px;\"><a href=\"https:\/\/wesley.hu\/wesley-college\/wp-content\/uploads\/2023\/01\/SMAK704A-Community-SW.pdf\" rel=\"attachment wp-att-5083\">Community social work<\/a><\/td>\n<td style=\"width: 61px; text-align: center; height: 23px;\">3<\/td>\n<td style=\"width: 123px; text-align: center; height: 23px;\">exam<\/td>\n<\/tr>\n<tr style=\"height: 23px;\">\n<td style=\"width: 40px; text-align: right; height: 23px;\">2.<\/td>\n<td style=\"width: 132px; height: 23px; text-align: right;\">SMAK411A<\/td>\n<td style=\"width: 371px; height: 23px;\"><a href=\"https:\/\/wesley.hu\/wesley-college\/wp-content\/uploads\/2023\/01\/SMAK411A-Ethical-dilemmas.pdf\" rel=\"attachment wp-att-5084\">Ethical dilemmas in social work<\/a><\/td>\n<td style=\"width: 61px; text-align: center; height: 23px;\">2<\/td>\n<td style=\"width: 123px; text-align: center; height: 23px;\">exam<\/td>\n<\/tr>\n<tr style=\"height: 23px;\">\n<td style=\"width: 40px; text-align: right; height: 23px;\">3.<\/td>\n<td style=\"width: 132px; height: 23px; text-align: right;\">SMAV914A<\/td>\n<td style=\"width: 371px; height: 23px;\"><a href=\"https:\/\/wesley.hu\/wesley-college\/wp-content\/uploads\/2023\/01\/SMAV914A-Football3-Sport-as-a-tool-of-social-work-1.pdf\" rel=\"attachment wp-att-5111\">Football3 &#8211; Sport as a tool of social work<\/a><\/td>\n<td style=\"width: 61px; text-align: center; height: 23px;\">2<\/td>\n<td style=\"width: 123px; text-align: center; height: 23px;\">practical exam<\/td>\n<\/tr>\n<tr style=\"height: 23px;\">\n<td style=\"width: 40px; text-align: right; height: 23px;\">4.<\/td>\n<td style=\"width: 132px; height: 23px; text-align: right;\">SMAK410A<\/td>\n<td style=\"width: 371px; height: 23px;\"><a href=\"https:\/\/wesley.hu\/wesley-college\/wp-content\/uploads\/2023\/01\/SMAK410A-Group-SW.pdf\" rel=\"attachment wp-att-5086\">Group social work<\/a><\/td>\n<td style=\"width: 61px; text-align: center; height: 23px;\">1<\/td>\n<td style=\"width: 123px; text-align: center; height: 23px;\">practical exam<\/td>\n<\/tr>\n<tr style=\"height: 23px;\">\n<td style=\"width: 40px; text-align: right; height: 23px;\">5.<\/td>\n<td style=\"width: 132px; height: 23px; text-align: right;\">SMAV916A<\/td>\n<td style=\"width: 371px; height: 23px;\"><a href=\"https:\/\/wesley.hu\/wesley-college\/wp-content\/uploads\/2023\/01\/SMAV916A-Supported-housing.pdf\" rel=\"attachment wp-att-5087\">Supported housing, deinstitutionalisation<\/a><\/td>\n<td style=\"width: 61px; text-align: center; height: 23px;\">2<\/td>\n<td style=\"width: 123px; text-align: center; height: 23px;\">exam<\/td>\n<\/tr>\n<tr style=\"height: 23px;\">\n<td style=\"width: 40px; text-align: right; height: 23px;\">6.<\/td>\n<td style=\"width: 132px; height: 23px; text-align: right;\">SMAV164A<\/td>\n<td style=\"width: 371px; height: 23px;\"><a href=\"https:\/\/wesley.hu\/wesley-college\/wp-content\/uploads\/2023\/01\/SMAV164A-SW-w-homeless-people-1.pdf\" rel=\"attachment wp-att-5110\">Social work with homeless people as vulnerable group<\/a><\/td>\n<td style=\"width: 61px; text-align: center; height: 23px;\">2<\/td>\n<td style=\"width: 123px; text-align: center; height: 23px;\">exam<\/td>\n<\/tr>\n<tr style=\"height: 23px;\">\n<td style=\"width: 40px; text-align: right; height: 23px;\">7.<\/td>\n<td style=\"width: 132px; height: 23px; text-align: right;\">SMAV165A<\/td>\n<td style=\"width: 371px; height: 23px;\"><a href=\"https:\/\/wesley.hu\/wesley-college\/wp-content\/uploads\/2023\/01\/SMAV165A-SW-w-roma-minority.pdf\" rel=\"attachment wp-att-5089\">Social work with roma minority as vulnerable group<\/a><\/td>\n<td style=\"width: 61px; text-align: center; height: 23px;\">2<\/td>\n<td style=\"width: 123px; text-align: center; height: 23px;\">exam<\/td>\n<\/tr>\n<tr style=\"height: 23px;\">\n<td style=\"width: 40px; text-align: right; height: 23px;\">8.<\/td>\n<td style=\"width: 132px; height: 23px; text-align: right;\">SMAK511A<\/td>\n<td style=\"width: 371px; height: 23px;\">Emberkereskedelem &#8211; Human trafficking<\/td>\n<td style=\"width: 61px; text-align: center; height: 23px;\">3<\/td>\n<td style=\"width: 123px; text-align: center; height: 23px;\">exam<\/td>\n<\/tr>\n<tr style=\"height: 23px;\">\n<td style=\"width: 40px; text-align: right; height: 23px;\">9.<\/td>\n<td style=\"width: 132px; height: 23px; text-align: right;\">SMAK506A<\/td>\n<td style=\"width: 371px; height: 23px;\">Foglalkoztat\u00e1spolitika &#8211; Employment policy<\/td>\n<td style=\"width: 61px; text-align: center; height: 23px;\">3<\/td>\n<td style=\"width: 123px; text-align: center; height: 23px;\">exam<\/td>\n<\/tr>\n<tr style=\"height: 23px;\">\n<td style=\"width: 40px; text-align: right; height: 23px;\">10.<\/td>\n<td style=\"width: 132px; height: 23px; text-align: right;\">SMAV917A<\/td>\n<td style=\"width: 371px; height: 23px;\">Interkulturl\u00e1lis kommunik\u00e1ci\u00f3 &#8211; Intercultural communication<\/td>\n<td style=\"width: 61px; text-align: center; height: 23px;\">2<\/td>\n<td style=\"width: 123px; text-align: center; height: 23px;\">practical exam<\/td>\n<\/tr>\n<tr style=\"height: 23px;\">\n<td style=\"width: 40px; text-align: right; height: 23px;\">11.<\/td>\n<td style=\"width: 132px; height: 23px; text-align: right;\">SMAV175A<\/td>\n<td style=\"width: 371px; height: 23px;\">Tanul\u00e1si \u00f6nismeret \u2013 Awareness for learning<\/td>\n<td style=\"width: 61px; text-align: center; height: 23px;\">2<\/td>\n<td style=\"width: 123px; text-align: center; height: 23px;\">practical exam<\/td>\n<\/tr>\n<\/tbody>\n<\/table>\n<p style=\"text-align: center;\"><strong><em>The course thematics are available by clicking on them.<\/em><\/strong><\/p>\n<p>[\/et_pb_accordion_item][\/et_pb_accordion][\/et_pb_column][et_pb_column type=&#8221;1_3&#8243; _builder_version=&#8221;4.16&#8243; custom_padding=&#8221;|||&#8221; global_colors_info=&#8221;{}&#8221; custom_padding__hover=&#8221;|||&#8221;][et_pb_toggle title=&#8221;INFORMATION&#8221; open=&#8221;on&#8221; open_toggle_text_color=&#8221;#000000&#8243; _builder_version=&#8221;4.25.1&#8243; _module_preset=&#8221;default&#8221; title_text_color=&#8221;#000000&#8243; title_font=&#8221;|700|||||||&#8221; body_text_color=&#8221;#000000&#8243; background_color=&#8221;#f2f2f2&#8243; width=&#8221;100%&#8221; global_colors_info=&#8221;{}&#8221;]<\/p>\n<p data-start=\"38\" data-end=\"77\"><strong data-start=\"38\" data-end=\"65\">LANGUAGE OF PROGRAMME<\/strong><br data-start=\"65\" data-end=\"68\" \/>English<\/p>\n<p data-start=\"79\" data-end=\"116\"><strong data-start=\"79\" data-end=\"102\">DURATION OF STUDIES<\/strong><br data-start=\"102\" data-end=\"105\" \/>7 semesters<\/p>\n<p data-start=\"118\" data-end=\"152\"><strong data-start=\"118\" data-end=\"141\">LOCATION OF STUDIES<\/strong><br data-start=\"141\" data-end=\"144\" \/>Budapest<\/p>\n<p><strong data-start=\"118\" data-end=\"141\">NAME OF QUALIFICATION<br \/><\/strong>Social Worker<\/p>\n<p><strong>TUITION FEE<br \/><\/strong>2500 EUR \/ semester<\/p>\n<p data-start=\"353\" data-end=\"385\" data-is-last-node=\"\" data-is-only-node=\"\"><strong data-start=\"353\" data-end=\"372\">APPLICATION FEE<\/strong><br data-start=\"372\" data-end=\"375\" \/>150 EUR<\/p>\n<p>[\/et_pb_toggle][et_pb_button button_url=&#8221;https:\/\/wesley.hu\/wesley-college\/application-form\/&#8221; button_text=&#8221;Application form&#8221; button_alignment=&#8221;center&#8221; _builder_version=&#8221;4.25.1&#8243; _module_preset=&#8221;default&#8221; custom_button=&#8221;on&#8221; button_text_size=&#8221;29px&#8221; button_text_color=&#8221;#FFFFFF&#8221; button_bg_color=&#8221;#E02B20&#8243; button_border_width=&#8221;0px&#8221; button_border_radius=&#8221;70px&#8221; box_shadow_style=&#8221;preset4&#8243; global_colors_info=&#8221;{}&#8221;][\/et_pb_button][\/et_pb_column][\/et_pb_row][\/et_pb_section]<\/p>\n","protected":false},"excerpt":{"rendered":"<p>Dreaming of a career in social work? \ud83c\udf0d Now you can study in English and make an impact across the globe. Our BA in Social Work is now fully available in English \u2014 making world-class education more accessible than ever. Gain skills that are globally relevant and prepare for social work opportunities around the world. [&hellip;]<\/p>\n","protected":false},"author":1,"featured_media":0,"parent":42,"menu_order":0,"comment_status":"closed","ping_status":"closed","template":"","meta":{"_seopress_robots_primary_cat":"","_seopress_titles_title":"","_seopress_titles_desc":"","_seopress_robots_index":"","_et_pb_use_builder":"on","_et_pb_old_content":"","_et_gb_content_width":"","footnotes":""},"class_list":["post-177","page","type-page","status-publish","hentry"],"_links":{"self":[{"href":"https:\/\/wesley.hu\/wesley-college\/wp-json\/wp\/v2\/pages\/177","targetHints":{"allow":["GET"]}}],"collection":[{"href":"https:\/\/wesley.hu\/wesley-college\/wp-json\/wp\/v2\/pages"}],"about":[{"href":"https:\/\/wesley.hu\/wesley-college\/wp-json\/wp\/v2\/types\/page"}],"author":[{"embeddable":true,"href":"https:\/\/wesley.hu\/wesley-college\/wp-json\/wp\/v2\/users\/1"}],"replies":[{"embeddable":true,"href":"https:\/\/wesley.hu\/wesley-college\/wp-json\/wp\/v2\/comments?post=177"}],"version-history":[{"count":4,"href":"https:\/\/wesley.hu\/wesley-college\/wp-json\/wp\/v2\/pages\/177\/revisions"}],"predecessor-version":[{"id":5956,"href":"https:\/\/wesley.hu\/wesley-college\/wp-json\/wp\/v2\/pages\/177\/revisions\/5956"}],"up":[{"embeddable":true,"href":"https:\/\/wesley.hu\/wesley-college\/wp-json\/wp\/v2\/pages\/42"}],"wp:attachment":[{"href":"https:\/\/wesley.hu\/wesley-college\/wp-json\/wp\/v2\/media?parent=177"}],"curies":[{"name":"wp","href":"https:\/\/api.w.org\/{rel}","templated":true}]}}