{"id":124,"date":"2019-05-21T09:03:39","date_gmt":"2019-05-21T09:03:39","guid":{"rendered":"https:\/\/wesley.hu\/wesley-college\/?page_id=124"},"modified":"2025-07-09T21:51:37","modified_gmt":"2025-07-09T19:51:37","slug":"administrative-data","status":"publish","type":"page","link":"https:\/\/wesley.hu\/wesley-college\/about-us\/administrative-data\/","title":{"rendered":"Administrative data"},"content":{"rendered":"<p>[et_pb_section fb_built=&#8221;1&#8243; custom_padding_last_edited=&#8221;on|phone&#8221; admin_label=&#8221;Header&#8221; _builder_version=&#8221;4.16&#8243; background_image=&#8221;https:\/\/wesley.hu\/wesley-college\/wp-content\/uploads\/2019\/12\/office.jpg&#8221; background_position=&#8221;top_center&#8221; custom_padding=&#8221;110px||110px||true|false&#8221; custom_padding_tablet=&#8221;140px|0px|50px|0px|false|false&#8221; custom_padding_phone=&#8221;120px|||&#8221; global_colors_info=&#8221;{}&#8221;][et_pb_row _builder_version=&#8221;4.16&#8243; background_size=&#8221;initial&#8221; background_position=&#8221;top_left&#8221; background_repeat=&#8221;repeat&#8221; max_width=&#8221;1280px&#8221; use_custom_width=&#8221;on&#8221; custom_width_px=&#8221;1280px&#8221; global_colors_info=&#8221;{}&#8221;][et_pb_column type=&#8221;4_4&#8243; _builder_version=&#8221;4.16&#8243; custom_padding=&#8221;|||&#8221; global_colors_info=&#8221;{}&#8221; custom_padding__hover=&#8221;|||&#8221;][et_pb_text _builder_version=&#8221;4.16&#8243; _dynamic_attributes=&#8221;content&#8221; text_font=&#8221;|700||on|||||&#8221; text_text_color=&#8221;#ffffff&#8221; text_font_size=&#8221;40px&#8221; text_line_height=&#8221;2em&#8221; header_font=&#8221;EB Garamond||||||||&#8221; header_font_size=&#8221;60px&#8221; header_line_height=&#8221;1.3em&#8221; header_2_font=&#8221;||||||||&#8221; text_orientation=&#8221;center&#8221; max_width=&#8221;600px&#8221; module_alignment=&#8221;center&#8221; text_font_size_tablet=&#8221;&#8221; text_font_size_phone=&#8221;26px&#8221; text_font_size_last_edited=&#8221;on|desktop&#8221; text_line_height_tablet=&#8221;&#8221; text_line_height_phone=&#8221;1.6em&#8221; text_line_height_last_edited=&#8221;on|phone&#8221; header_font_size_tablet=&#8221;50px&#8221; header_font_size_phone=&#8221;32px&#8221; header_font_size_last_edited=&#8221;on|phone&#8221; text_text_shadow_style=&#8221;preset1&#8243; global_colors_info=&#8221;{}&#8221;]@ET-DC@eyJkeW5hbWljIjp0cnVlLCJjb250ZW50IjoicG9zdF90aXRsZSIsInNldHRpbmdzIjp7ImJlZm9yZSI6IiIsImFmdGVyIjoiIn19@[\/et_pb_text][\/et_pb_column][\/et_pb_row][\/et_pb_section][et_pb_section fb_built=&#8221;1&#8243; _builder_version=&#8221;4.16&#8243; global_colors_info=&#8221;{}&#8221;][et_pb_row _builder_version=&#8221;4.16&#8243; background_size=&#8221;initial&#8221; background_position=&#8221;top_left&#8221; background_repeat=&#8221;repeat&#8221; global_colors_info=&#8221;{}&#8221;][et_pb_column type=&#8221;4_4&#8243; _builder_version=&#8221;4.16&#8243; custom_padding=&#8221;|||&#8221; global_colors_info=&#8221;{}&#8221; custom_padding__hover=&#8221;|||&#8221;][et_pb_text _builder_version=&#8221;4.25.1&#8243; background_size=&#8221;initial&#8221; background_position=&#8221;top_left&#8221; background_repeat=&#8221;repeat&#8221; hover_enabled=&#8221;0&#8243; inline_fonts=&#8221;Alegreya&#8221; global_colors_info=&#8221;{}&#8221; sticky_enabled=&#8221;0&#8243;]<\/p>\n<table width=\"833\">\n<tbody>\n<tr>\n<td width=\"236\">Institute\u2019s name<\/td>\n<td width=\"454\">Wesley\u00a0J\u00e1nos\u00a0Lelk\u00e9szk\u00e9pz\u0151\u00a0F\u0151iskola<\/td>\n<\/tr>\n<tr>\n<td width=\"236\">Institute\u2019 English name<\/td>\n<td width=\"454\">John\u00a0Wesley\u00a0Theological\u00a0College<\/td>\n<\/tr>\n<tr>\n<td width=\"236\">Institute\u2019s short name<\/td>\n<td width=\"454\">WJLF<\/td>\n<\/tr>\n<tr>\n<td width=\"236\">Upholder of the institute<\/td>\n<td width=\"454\">Magyarorsz\u00e1gi\u00a0 Evang\u00e9liumi\u00a0 Testv\u00e9rk\u00f6z\u00f6ss\u00e9g\u00a0(Hungarian Evangelical Fellowship)<\/td>\n<\/tr>\n<tr>\n<td width=\"236\">Date of establishment<\/td>\n<td width=\"454\">1987<\/td>\n<\/tr>\n<tr>\n<td width=\"236\">Location<\/td>\n<td width=\"454\">1086\u00a0Budapest,\u00a0Dank\u00f3\u00a0utca\u00a011.\u00a0, Hungary<\/td>\n<\/tr>\n<tr>\n<td width=\"236\">Identification number of higher education<\/td>\n<td width=\"454\">FI62930<\/td>\n<\/tr>\n<tr>\n<td width=\"236\">Taxation number<\/td>\n<td width=\"454\">18056109-\u00ad1-\u00ad42<\/td>\n<\/tr>\n<tr>\n<td width=\"236\">IBAN<\/td>\n<td width=\"454\">HU69-11708001-20562292<\/td>\n<\/tr>\n<\/tbody>\n<\/table>\n<p>[\/et_pb_text][\/et_pb_column][\/et_pb_row][\/et_pb_section]<\/p>\n","protected":false},"excerpt":{"rendered":"<p>Institute\u2019s name Wesley\u00a0J\u00e1nos\u00a0Lelk\u00e9szk\u00e9pz\u0151\u00a0F\u0151iskola Institute\u2019 English name John\u00a0Wesley\u00a0Theological\u00a0College Institute\u2019s short name WJLF Upholder of the institute Magyarorsz\u00e1gi\u00a0 Evang\u00e9liumi\u00a0 Testv\u00e9rk\u00f6z\u00f6ss\u00e9g\u00a0(Hungarian Evangelical Fellowship) Date of establishment 1987 Location 1086\u00a0Budapest,\u00a0Dank\u00f3\u00a0utca\u00a011.\u00a0, Hungary Identification number of higher education FI62930 Taxation number 18056109-\u00ad1-\u00ad42 IBAN HU69-11708001-20562292<\/p>\n","protected":false},"author":1,"featured_media":0,"parent":76,"menu_order":0,"comment_status":"closed","ping_status":"closed","template":"","meta":{"_seopress_robots_primary_cat":"","_seopress_titles_title":"","_seopress_titles_desc":"","_seopress_robots_index":"","_et_pb_use_builder":"on","_et_pb_old_content":"<p>\u00a0<\/p><table style=\"height: 631px;\" width=\"874\"><tbody><tr><td width=\"187\">Institute\u2019s name<\/td><td width=\"427\">Wesley\u00a0J\u00e1nos\u00a0Lelk\u00e9szk\u00e9pz\u0151\u00a0F\u0151iskola<\/td><\/tr><tr><td width=\"187\">Institute\u2019 English name<\/td><td width=\"427\">John Wesley Theological College<\/td><\/tr><tr><td width=\"187\">Institute\u2019s short name<\/td><td width=\"427\">WJLF<\/td><\/tr><tr><td width=\"187\">Upholder of the institute<\/td><td width=\"427\">Magyarorsz\u00e1gi\u00a0 Evang\u00e9liumi\u00a0 Testv\u00e9rk\u00f6z\u00f6ss\u00e9g (Hungarian Evangelical Fellowship)<\/td><\/tr><tr><td width=\"187\">Date of establishment<\/td><td width=\"427\">1987<\/td><\/tr><tr><td width=\"187\">Location<\/td><td width=\"427\">1086 Budapest, Dank\u00f3 utca 11. , Hungary<\/td><\/tr><tr><td width=\"187\">Identification number of higher education<\/td><td width=\"427\">FI62930<\/td><\/tr><tr><td width=\"187\">Taxation number<\/td><td width=\"427\">18056109\u00ad1\u00ad42<\/td><\/tr><tr><td width=\"187\">Account number<\/td><td width=\"427\">HU?? 10102086\u00ad30456302\u00ad00000009 Swift: ??<\/td><\/tr><tr><td width=\"187\">\u00a0<\/td><td width=\"427\">\u00a0<\/td><\/tr><tr><td width=\"187\">\u00a0<\/td><td width=\"427\">\u00a0<\/td><\/tr><tr><td width=\"187\">\u00a0<\/td><td width=\"427\">\u00a0<\/td><\/tr><\/tbody><\/table>","_et_gb_content_width":"","footnotes":""},"class_list":["post-124","page","type-page","status-publish","hentry"],"_links":{"self":[{"href":"https:\/\/wesley.hu\/wesley-college\/wp-json\/wp\/v2\/pages\/124","targetHints":{"allow":["GET"]}}],"collection":[{"href":"https:\/\/wesley.hu\/wesley-college\/wp-json\/wp\/v2\/pages"}],"about":[{"href":"https:\/\/wesley.hu\/wesley-college\/wp-json\/wp\/v2\/types\/page"}],"author":[{"embeddable":true,"href":"https:\/\/wesley.hu\/wesley-college\/wp-json\/wp\/v2\/users\/1"}],"replies":[{"embeddable":true,"href":"https:\/\/wesley.hu\/wesley-college\/wp-json\/wp\/v2\/comments?post=124"}],"version-history":[{"count":5,"href":"https:\/\/wesley.hu\/wesley-college\/wp-json\/wp\/v2\/pages\/124\/revisions"}],"predecessor-version":[{"id":5957,"href":"https:\/\/wesley.hu\/wesley-college\/wp-json\/wp\/v2\/pages\/124\/revisions\/5957"}],"up":[{"embeddable":true,"href":"https:\/\/wesley.hu\/wesley-college\/wp-json\/wp\/v2\/pages\/76"}],"wp:attachment":[{"href":"https:\/\/wesley.hu\/wesley-college\/wp-json\/wp\/v2\/media?parent=124"}],"curies":[{"name":"wp","href":"https:\/\/api.w.org\/{rel}","templated":true}]}}