{"id":118,"date":"2019-05-21T09:03:19","date_gmt":"2019-05-21T09:03:19","guid":{"rendered":"https:\/\/wesley.hu\/wesley-college\/?page_id=118"},"modified":"2021-03-17T10:55:46","modified_gmt":"2021-03-17T08:55:46","slug":"student-services-and-facilities","status":"publish","type":"page","link":"https:\/\/wesley.hu\/wesley-college\/about-us\/student-services-and-facilities\/","title":{"rendered":"Student services and facilities"},"content":{"rendered":"<p>[et_pb_section fb_built=&#8221;1&#8243; custom_padding_last_edited=&#8221;on|phone&#8221; admin_label=&#8221;Header&#8221; _builder_version=&#8221;4.0.7&#8243; background_image=&#8221;https:\/\/wesley.hu\/wesley-college\/wp-content\/uploads\/2019\/12\/konyvtar.png&#8221; custom_padding=&#8221;110px||110px||true|false&#8221; custom_padding_tablet=&#8221;140px|0px|50px|0px|false|false&#8221; custom_padding_phone=&#8221;120px|||&#8221;][et_pb_row _builder_version=&#8221;3.25&#8243; background_size=&#8221;initial&#8221; background_position=&#8221;top_left&#8221; background_repeat=&#8221;repeat&#8221; max_width=&#8221;1280px&#8221; use_custom_width=&#8221;on&#8221; custom_width_px=&#8221;1280px&#8221;][et_pb_column type=&#8221;4_4&#8243; _builder_version=&#8221;3.25&#8243; custom_padding=&#8221;|||&#8221; custom_padding__hover=&#8221;|||&#8221;][et_pb_text _builder_version=&#8221;3.27.4&#8243; _dynamic_attributes=&#8221;content&#8221; text_font=&#8221;|700||on|||||&#8221; text_text_color=&#8221;#ffffff&#8221; text_font_size=&#8221;40px&#8221; text_line_height=&#8221;2em&#8221; header_font=&#8221;EB Garamond||||||||&#8221; header_font_size=&#8221;60px&#8221; header_line_height=&#8221;1.3em&#8221; header_2_font=&#8221;||||||||&#8221; text_orientation=&#8221;center&#8221; max_width=&#8221;600px&#8221; module_alignment=&#8221;center&#8221; text_font_size_tablet=&#8221;&#8221; text_font_size_phone=&#8221;26px&#8221; text_font_size_last_edited=&#8221;on|desktop&#8221; text_line_height_tablet=&#8221;&#8221; text_line_height_phone=&#8221;1.6em&#8221; text_line_height_last_edited=&#8221;on|phone&#8221; header_font_size_tablet=&#8221;50px&#8221; header_font_size_phone=&#8221;32px&#8221; header_font_size_last_edited=&#8221;on|phone&#8221; text_text_shadow_style=&#8221;preset1&#8243;]@ET-DC@eyJkeW5hbWljIjp0cnVlLCJjb250ZW50IjoicG9zdF90aXRsZSIsInNldHRpbmdzIjp7ImJlZm9yZSI6IiIsImFmdGVyIjoiIn19@[\/et_pb_text][\/et_pb_column][\/et_pb_row][\/et_pb_section][et_pb_section fb_built=&#8221;1&#8243; _builder_version=&#8221;3.22.3&#8243;][et_pb_row _builder_version=&#8221;3.25&#8243; background_size=&#8221;initial&#8221; background_position=&#8221;top_left&#8221; background_repeat=&#8221;repeat&#8221;][et_pb_column type=&#8221;4_4&#8243; _builder_version=&#8221;3.25&#8243; custom_padding=&#8221;|||&#8221; custom_padding__hover=&#8221;|||&#8221;][et_pb_text _builder_version=&#8221;4.9.0&#8243; background_size=&#8221;initial&#8221; background_position=&#8221;top_left&#8221; background_repeat=&#8221;repeat&#8221; hover_enabled=&#8221;0&#8243; inline_fonts=&#8221;Cambay&#8221; sticky_enabled=&#8221;0&#8243;]<\/p>\n<p><span style=\"font-family: 'Alegreya Sans SC'; font-weight: normal; font-size: x-large; color: #0c71c3;\"><strong>Campus life <\/strong><\/span><\/p>\n<p style=\"text-align: justify;\"><span style=\"font-family: Cambay; font-weight: normal; font-size: medium;\">Wesley is in the 8th district of Budapest, called J\u00f3zsefv\u00e1ros or Josefstadt in German, it is the part of the city centre in the wider sense as one of the 18-19th century older suburbs, close to the city centre.\u00a0 The inner part of District 8 is becoming the new-cool part of Budapest. Increasingly more locals and plugged-in tourists find refuge in this peaceful neighbourhood lined with pretty pre-war residential homes as they escape the tourist-saturated Jewish Quarter just a few blocks away. The College has its own campus <strong><a href=\"https:\/\/wesley.hu\/wesley-college\/dormitory\/\">dormitory<\/a><\/strong> (see the link for further information and request for accommodation) with cheap accomodation possibilities for international students.<\/span><span style=\"color: #ff0000;\"><br \/><\/span><\/p>\n<p><span style=\"font-family: 'Alegreya Sans SC'; font-weight: normal; font-size: x-large; color: #0c71c3;\"><strong>Campus Library<\/strong><\/span><\/p>\n<p style=\"text-align: justify;\"><span style=\"font-family: Cambay; font-weight: normal; font-size: medium;\">The college library is located in the College campus, offering a variety of diversified facilities for academic learning and research activities.<\/span><\/p>\n<p><span style=\"font-family: 'Alegreya Sans SC'; font-weight: normal; font-size: x-large; color: #0c71c3;\"><strong>Campus chapel<\/strong><\/span><\/p>\n<p style=\"text-align: justify;\"><span style=\"font-family: Cambay; font-weight: normal; font-size: medium;\">There is a Student Chaplaincy with a cosy little chapel in the campus. The chapel is open for all of the students and professors. A pastor of the Hungarian Evangelical Fellowship is responible for the spiritual life of the institution &#8211; as for instance the prayers, meetings for Bible study, excursions, but also for individual and personal meetings and pastoral conversations. The vivid, ecumenical, or even interconfessional community is open to everyone.<\/span><\/p>\n<p><span style=\"font-family: 'Alegreya Sans SC'; font-weight: normal; font-size: x-large; color: #0c71c3;\"><strong>Student ID<\/strong><\/span><\/p>\n<p><span style=\"font-family: Cambay; font-weight: normal; font-size: medium;\">As the student of the John Wesley College, you will get a Hungarian Student ID, which is valid during your studies at the College.<\/span><\/p>\n<p><span style=\"font-size: x-large; font-family: 'Alegreya Sans SC'; font-weight: normal; color: #0c71c3;\"><strong>Art Activities<\/strong><\/span><\/p>\n<p style=\"text-align: justify;\"><span style=\"font-family: Cambay; font-weight: normal; font-size: medium;\">Students interested in the performing and visual arts can take advantage of the College\u2019s choir and chamber music orchestra regularly performing on classical and popular music events and concerts or join the college\u2019s folk dance group, team. The best works of students participating in the Graphic Arts program are regularly displayed at the College and in the city as well.<\/span><\/p>\n<p><span style=\"font-family: 'Alegreya Sans SC'; font-weight: normal; font-size: x-large; color: #0c71c3;\"><strong>Sports<\/strong><\/span><\/p>\n<p style=\"text-align: justify;\"><span style=\"font-family: Cambay; font-weight: normal; font-size: medium;\">Students athletic activities takes place within the framework of the College Sports Club providing practice and competition opportunities in track and field, gymnastic, swimming, basketball and volley ball.<\/span><\/p>\n<p><span style=\"font-family: 'Alegreya Sans SC'; font-weight: normal; font-size: x-large; color: #0c71c3;\"><strong>Student Organization<\/strong><\/span><\/p>\n<p style=\"text-align: justify;\"><span style=\"font-family: Cambay; font-weight: normal; font-size: medium;\">The Student Body Association\u2019s (H\u00d6K) primary objective is the protection of students\u2019 interests. It deals with all concerns and issues with special importance to students of the College including placement counseling, the arrangement of cultural events, and the provision of support for student participation at scholarly conferences.<\/span><\/p>\n<p><span style=\"font-family: 'Alegreya Sans SC'; font-weight: normal; font-size: x-large; color: #0c71c3;\"><strong>Buffet and Self-Service Restaurant<\/strong><\/span><\/p>\n<p><span style=\"font-family: Cambay; font-weight: normal; font-size: medium;\">A cheap buffet with hot meal service is located on campus.<\/span><\/p>\n<p><span style=\"font-family: Cambay; font-weight: normal; font-size: medium;\">Openning hours: Monday-Friday: From 8 am to 15 pm.<\/span><\/p>\n<p>[\/et_pb_text][\/et_pb_column][\/et_pb_row][\/et_pb_section]<\/p>\n","protected":false},"excerpt":{"rendered":"<p>Campus life Wesley is in the 8th district of Budapest, called J\u00f3zsefv\u00e1ros or Josefstadt in German, it is the part of the city centre in the wider sense as one of the 18-19th century older suburbs, close to the city centre.\u00a0 The inner part of District 8 is becoming the new-cool part of Budapest. Increasingly [&hellip;]<\/p>\n","protected":false},"author":1,"featured_media":0,"parent":76,"menu_order":0,"comment_status":"closed","ping_status":"closed","template":"","meta":{"_seopress_robots_primary_cat":"","_seopress_titles_title":"","_seopress_titles_desc":"","_seopress_robots_index":"","_et_pb_use_builder":"on","_et_pb_old_content":"<p><strong>Campus life <\/strong><\/p><p>Wesley is in the 8th district of Budapest, called J\u00f3zsefv\u00e1ros or Josefstadt in German, it is the part of the city centre in the wider sense as one of the 18-19th century older suburbs, close to the city centre.\u00a0 The inner part of District 8 is becoming the new-cool part of Budapest. Increasingly more locals and plugged-in tourists find refuge in this peaceful neighbourhood lined with pretty pre-war residential homes as they escape the tourist-saturated Jewish Quarter just a few blocks away. The College has its own campus and could host ?? students.\u00a0 f\u00e9nyk\u00e9p j\u00f3 lenne<\/p><p><strong>Campus Library<\/strong><\/p><p>The college library is located in the College campus, offering a variety of diversified facilities for academic learning and research activities.<\/p><p>The basic and electronic information services of the libraries:<\/p><ul><li>Lending of certain documents<\/li><li>Use of library catalogues<\/li><li>Use of CD-Rom database<\/li><li>Use of library collection in the reading rooms<\/li><li>Inter-library loan<\/li><li>Internet access (work stations in library)<\/li><li>Photocopying<\/li><li>Reading magazines and newspapers<\/li><li>Listening to music<\/li><li>\u00a0Watching video films<\/li><\/ul><p>\u00a0<\/p><p><strong>Student ID<\/strong><\/p><p>As the student of the John Wesley College, you will get a Hungarian Student ID, which is valid during your studies at the College.<\/p><p><strong>Art Activities<\/strong><\/p><p>Students interested in the performing and visual arts can take advantage of the College\u2019s choir and chamber music orchestra regularly performing on classical and popular music events and concerts or join the college\u2019s folk dance group, team. The best works of students participating in the Graphic Arts program are regularly displayed at the College and in the city as well.<\/p><p><strong>Sports<\/strong><\/p><p>Students athletic activities takes place within the framework of the College Sports Club providing practice and competition opportunities in track and field, gymnastic, swimming, basketball and volley ball.<\/p><p><strong>Student Organization<\/strong><\/p><p>The Student Body Association\u2019s (H\u00d6K) primary objective is the protection of students\u2019 interests. It deals with all concerns and issues with special importance to students of the College including placement counseling, the arrangement of cultural events, and the provision of support for student participation at scholarly conferences.<\/p><p><strong>Campus accommodation<\/strong><\/p><p>The Wesley provides college dormitory on request in the campus building.<\/p><p><strong>Buffet and Self-Service Restaurant<\/strong><\/p><p>A cheap buffet with hot meal service is located in the campus.<\/p><p>Openning hours: Monday-Friday: From 8am to 15pm.<\/p>","_et_gb_content_width":"","footnotes":""},"class_list":["post-118","page","type-page","status-publish","hentry"],"_links":{"self":[{"href":"https:\/\/wesley.hu\/wesley-college\/wp-json\/wp\/v2\/pages\/118","targetHints":{"allow":["GET"]}}],"collection":[{"href":"https:\/\/wesley.hu\/wesley-college\/wp-json\/wp\/v2\/pages"}],"about":[{"href":"https:\/\/wesley.hu\/wesley-college\/wp-json\/wp\/v2\/types\/page"}],"author":[{"embeddable":true,"href":"https:\/\/wesley.hu\/wesley-college\/wp-json\/wp\/v2\/users\/1"}],"replies":[{"embeddable":true,"href":"https:\/\/wesley.hu\/wesley-college\/wp-json\/wp\/v2\/comments?post=118"}],"version-history":[{"count":4,"href":"https:\/\/wesley.hu\/wesley-college\/wp-json\/wp\/v2\/pages\/118\/revisions"}],"predecessor-version":[{"id":3745,"href":"https:\/\/wesley.hu\/wesley-college\/wp-json\/wp\/v2\/pages\/118\/revisions\/3745"}],"up":[{"embeddable":true,"href":"https:\/\/wesley.hu\/wesley-college\/wp-json\/wp\/v2\/pages\/76"}],"wp:attachment":[{"href":"https:\/\/wesley.hu\/wesley-college\/wp-json\/wp\/v2\/media?parent=118"}],"curies":[{"name":"wp","href":"https:\/\/api.w.org\/{rel}","templated":true}]}}