{"id":101,"date":"2019-05-21T09:02:18","date_gmt":"2019-05-21T09:02:18","guid":{"rendered":"https:\/\/wesley.hu\/wesley-college\/?page_id=101"},"modified":"2021-03-01T09:59:21","modified_gmt":"2021-03-01T07:59:21","slug":"the-college","status":"publish","type":"page","link":"https:\/\/wesley.hu\/wesley-college\/about-us\/the-college\/","title":{"rendered":"The College"},"content":{"rendered":"<p>[et_pb_section fb_built=&#8221;1&#8243; custom_padding_last_edited=&#8221;on|phone&#8221; admin_label=&#8221;Header&#8221; _builder_version=&#8221;4.9.0&#8243; background_image=&#8221;https:\/\/wesley.hu\/wesley-college\/wp-content\/uploads\/2019\/05\/wesley-build.jpg&#8221; min_height=&#8221;340px&#8221; custom_padding=&#8221;110px||110px||true|false&#8221; custom_padding_tablet=&#8221;140px|0px|50px|0px|false|false&#8221; custom_padding_phone=&#8221;120px|||&#8221; top_divider_color=&#8221;#ffffff&#8221; top_divider_height=&#8221;10px&#8221; link_option_url=&#8221;https:\/\/wesley.hu\/wesley-college\/students\/study-info\/after-admission\/&#8221; hover_enabled=&#8221;0&#8243; z_index_tablet=&#8221;500&#8243; box_shadow_horizontal_tablet=&#8221;0px&#8221; box_shadow_vertical_tablet=&#8221;0px&#8221; box_shadow_blur_tablet=&#8221;40px&#8221; box_shadow_spread_tablet=&#8221;0px&#8221; global_module=&#8221;674&#8243; sticky_enabled=&#8221;0&#8243; title_text=&#8221;wesley-build&#8221;][et_pb_row _builder_version=&#8221;3.25&#8243; background_size=&#8221;initial&#8221; background_position=&#8221;top_left&#8221; background_repeat=&#8221;repeat&#8221; max_width=&#8221;1280px&#8221; use_custom_width=&#8221;on&#8221; custom_width_px=&#8221;1280px&#8221;][et_pb_column type=&#8221;4_4&#8243; _builder_version=&#8221;3.0.47&#8243; custom_padding=&#8221;|||&#8221; custom_padding__hover=&#8221;|||&#8221;][et_pb_text _builder_version=&#8221;4.6.3&#8243; text_font=&#8221;|700|||||||&#8221; text_text_color=&#8221;#ffffff&#8221; text_font_size=&#8221;60px&#8221; header_font_size=&#8221;38px&#8221; header_2_text_color=&#8221;#ffffff&#8221; text_orientation=&#8221;center&#8221; z_index_tablet=&#8221;500&#8243; text_text_shadow_style=&#8221;preset4&#8243; text_text_shadow_horizontal_length_tablet=&#8221;0px&#8221; text_text_shadow_vertical_length_tablet=&#8221;0px&#8221; text_text_shadow_blur_strength_tablet=&#8221;1px&#8221; link_text_shadow_horizontal_length_tablet=&#8221;0px&#8221; link_text_shadow_vertical_length_tablet=&#8221;0px&#8221; link_text_shadow_blur_strength_tablet=&#8221;1px&#8221; ul_text_shadow_horizontal_length_tablet=&#8221;0px&#8221; ul_text_shadow_vertical_length_tablet=&#8221;0px&#8221; ul_text_shadow_blur_strength_tablet=&#8221;1px&#8221; ol_text_shadow_horizontal_length_tablet=&#8221;0px&#8221; ol_text_shadow_vertical_length_tablet=&#8221;0px&#8221; ol_text_shadow_blur_strength_tablet=&#8221;1px&#8221; quote_text_shadow_horizontal_length_tablet=&#8221;0px&#8221; quote_text_shadow_vertical_length_tablet=&#8221;0px&#8221; quote_text_shadow_blur_strength_tablet=&#8221;1px&#8221; header_text_shadow_style=&#8221;preset4&#8243; header_text_shadow_horizontal_length_tablet=&#8221;0px&#8221; header_text_shadow_vertical_length_tablet=&#8221;0px&#8221; header_text_shadow_blur_strength_tablet=&#8221;1px&#8221; header_2_text_shadow_horizontal_length_tablet=&#8221;0px&#8221; header_2_text_shadow_vertical_length_tablet=&#8221;0px&#8221; header_2_text_shadow_blur_strength_tablet=&#8221;1px&#8221; header_3_text_shadow_horizontal_length_tablet=&#8221;0px&#8221; header_3_text_shadow_vertical_length_tablet=&#8221;0px&#8221; header_3_text_shadow_blur_strength_tablet=&#8221;1px&#8221; header_4_text_shadow_horizontal_length_tablet=&#8221;0px&#8221; header_4_text_shadow_vertical_length_tablet=&#8221;0px&#8221; header_4_text_shadow_blur_strength_tablet=&#8221;1px&#8221; header_5_text_shadow_horizontal_length_tablet=&#8221;0px&#8221; header_5_text_shadow_vertical_length_tablet=&#8221;0px&#8221; header_5_text_shadow_blur_strength_tablet=&#8221;1px&#8221; header_6_text_shadow_horizontal_length_tablet=&#8221;0px&#8221; header_6_text_shadow_vertical_length_tablet=&#8221;0px&#8221; header_6_text_shadow_blur_strength_tablet=&#8221;1px&#8221; box_shadow_horizontal_tablet=&#8221;0px&#8221; box_shadow_vertical_tablet=&#8221;0px&#8221; box_shadow_blur_tablet=&#8221;40px&#8221; box_shadow_spread_tablet=&#8221;0px&#8221;]<\/p>\n<p>&nbsp;<\/p>\n<h1>\u00a0<\/h1>\n<h1 style=\"text-align: center;\"><a href=\"https:\/\/wesley.hu\/wesley-college\/students\/study-info\/after-admission\/\"><span style=\"color: #ffffff;\"><strong>Our College<\/strong><\/span><\/a><\/h1>\n<h5 class=\"et_pb_toggle_title\">\u00a0<\/h5>\n<h5 class=\"et_pb_toggle_title\">\u00a0<\/h5>\n<h1 style=\"text-align: center;\"><span style=\"color: #ffffff;\"><strong>\u00a0<\/strong><\/span><\/h1>\n<p>[\/et_pb_text][\/et_pb_column][\/et_pb_row][\/et_pb_section][et_pb_section fb_built=&#8221;1&#8243; _builder_version=&#8221;3.22.3&#8243;][et_pb_row _builder_version=&#8221;3.25&#8243; background_size=&#8221;initial&#8221; background_position=&#8221;top_left&#8221; background_repeat=&#8221;repeat&#8221;][et_pb_column type=&#8221;4_4&#8243; _builder_version=&#8221;3.25&#8243; custom_padding=&#8221;|||&#8221; custom_padding__hover=&#8221;|||&#8221;][et_pb_text _builder_version=&#8221;4.5.6&#8243; background_size=&#8221;initial&#8221; background_position=&#8221;top_left&#8221; background_repeat=&#8221;repeat&#8221; inline_fonts=&#8221;Cambay&#8221;]<\/p>\n<p style=\"text-align: justify;\"><span style=\"font-family: Cambay; font-weight: normal; font-size: medium;\">The John Wesley Theological College was accredited in BUDAPEST, HUNGARY, European Union (since 2004) as a higher educational institution in 1991 right after the collapse of the Communist System. The College has been managed by the <a href=\"http:\/\/www.metegyhaz.hu\/\" target=\"_blank\" rel=\"noopener noreferrer\">Hungarian Evangelical Fellowship\u00a0<\/a> (HEF or MET: Magyarorsz\u00e1gi Evang\u00e9liumi Testv\u00e9rk\u00f6z\u00f6ss\u00e9g in Hungarian).\u00a0 It was named after <a href=\"https:\/\/en.wikipedia.org\/wiki\/John_Wesley\" target=\"_blank\" rel=\"noopener noreferrer\">John Wesley<\/a>,\u00a0 an English cleric, theologian\u00a0and\u00a0evangelist who was a leader of a\u00a0revival\u00a0movement within the\u00a0Church of England\u00a0known as\u00a0<a href=\"https:\/\/en.wikipedia.org\/wiki\/Methodism\" target=\"_blank\" rel=\"noopener noreferrer\">Methodism<\/a>.<\/span><\/p>\n<p style=\"text-align: justify;\"><span style=\"font-family: Cambay; font-weight: normal; font-size: medium;\">The <strong>Mission Statement<\/strong> of the Wesley does not expect or require alignment of faith from students or professors in any of its programmes or departments including the theological department. Our mission statement represents the original mission of John Wesley; \u201c<em>Do all the good you can, by all the means you can, in all the ways you can, in all the places you can, at all the times you can, to all the people you can, as long as ever you can<\/em>.&#8221;<\/span><\/p>\n<p style=\"text-align: justify;\"><span style=\"font-family: Cambay; font-weight: normal; font-size: medium;\">Currently Wesley provides a unique, friendly environment for students and professors who intend to\u00a0<\/span><span style=\"font-family: Cambay; font-weight: normal; font-size: medium;\">participate in the daily reality of social work, pedagogy and environmental protection, close to the\u00a0<\/span><span style=\"font-family: Cambay; font-weight: normal; font-size: medium;\">citizens and communities.<\/span><\/p>\n<p>&nbsp;<\/p>\n<p><img id=\"hzDownscaled\" style=\"position: absolute; top: -10000px;\" \/><\/p>\n<div id=\"hzImg\" style=\"border: 1px solid #ffffff; line-height: 0; overflow: hidden; padding: 2px; margin: 0px; position: absolute; z-index: 2147483647; border-radius: 3px; box-shadow: rgba(0, 0, 0, 0.33) 3px 3px 9px 5px; opacity: 1; top: 105px; left: 74px; background-color: #ffffff; cursor: pointer; pointer-events: none; display: none;\">\u00a0<\/div>\n<p>[\/et_pb_text][et_pb_slider _builder_version=&#8221;4.0.11&#8243; animation_style=&#8221;fold&#8221; auto=&#8221;on&#8221; auto_speed=&#8221;10000&#8243;][et_pb_slide _builder_version=&#8221;4.0.11&#8243; sticky_transition=&#8221;on&#8221;]<\/p>\n<p><img loading=\"lazy\" decoding=\"async\" class=\"alignnone wp-image-2246 size-full\" src=\"https:\/\/wesley.hu\/wesley-college\/wp-content\/uploads\/2020\/01\/prosjpg_Page1.jpg\" alt=\"\" width=\"629\" height=\"875\" srcset=\"https:\/\/wesley.hu\/wesley-college\/wp-content\/uploads\/2020\/01\/prosjpg_Page1.jpg 629w, https:\/\/wesley.hu\/wesley-college\/wp-content\/uploads\/2020\/01\/prosjpg_Page1-480x668.jpg 480w\" sizes=\"(min-width: 0px) and (max-width: 480px) 480px, (min-width: 481px) 629px, 100vw\" \/><\/p>\n<p>[\/et_pb_slide][et_pb_slide _builder_version=&#8221;4.0.11&#8243; sticky_transition=&#8221;on&#8221;]<\/p>\n<p><img loading=\"lazy\" decoding=\"async\" class=\"alignnone wp-image-2247 size-full\" src=\"https:\/\/wesley.hu\/wesley-college\/wp-content\/uploads\/2020\/01\/prosjpg_Page2.jpg\" alt=\"\" width=\"1123\" height=\"1587\" srcset=\"https:\/\/wesley.hu\/wesley-college\/wp-content\/uploads\/2020\/01\/prosjpg_Page2.jpg 1123w, https:\/\/wesley.hu\/wesley-college\/wp-content\/uploads\/2020\/01\/prosjpg_Page2-980x1385.jpg 980w, https:\/\/wesley.hu\/wesley-college\/wp-content\/uploads\/2020\/01\/prosjpg_Page2-480x678.jpg 480w\" sizes=\"(min-width: 0px) and (max-width: 480px) 480px, (min-width: 481px) and (max-width: 980px) 980px, (min-width: 981px) 1123px, 100vw\" \/><\/p>\n<p>[\/et_pb_slide][et_pb_slide _builder_version=&#8221;4.0.11&#8243; sticky_transition=&#8221;on&#8221;]<\/p>\n<p><img loading=\"lazy\" decoding=\"async\" class=\"alignnone wp-image-2248 size-full\" src=\"https:\/\/wesley.hu\/wesley-college\/wp-content\/uploads\/2020\/01\/prosjpg_Page3.jpg\" alt=\"\" width=\"1123\" height=\"1587\" srcset=\"https:\/\/wesley.hu\/wesley-college\/wp-content\/uploads\/2020\/01\/prosjpg_Page3.jpg 1123w, https:\/\/wesley.hu\/wesley-college\/wp-content\/uploads\/2020\/01\/prosjpg_Page3-980x1385.jpg 980w, https:\/\/wesley.hu\/wesley-college\/wp-content\/uploads\/2020\/01\/prosjpg_Page3-480x678.jpg 480w\" sizes=\"(min-width: 0px) and (max-width: 480px) 480px, (min-width: 481px) and (max-width: 980px) 980px, (min-width: 981px) 1123px, 100vw\" \/><\/p>\n<p>[\/et_pb_slide][et_pb_slide _builder_version=&#8221;4.0.11&#8243; sticky_transition=&#8221;on&#8221;]<\/p>\n<p><img loading=\"lazy\" decoding=\"async\" class=\"alignnone wp-image-2249 size-full\" src=\"https:\/\/wesley.hu\/wesley-college\/wp-content\/uploads\/2020\/01\/prosjpg_Page4.jpg\" alt=\"\" width=\"1123\" height=\"1587\" srcset=\"https:\/\/wesley.hu\/wesley-college\/wp-content\/uploads\/2020\/01\/prosjpg_Page4.jpg 1123w, https:\/\/wesley.hu\/wesley-college\/wp-content\/uploads\/2020\/01\/prosjpg_Page4-980x1385.jpg 980w, https:\/\/wesley.hu\/wesley-college\/wp-content\/uploads\/2020\/01\/prosjpg_Page4-480x678.jpg 480w\" sizes=\"(min-width: 0px) and (max-width: 480px) 480px, (min-width: 481px) and (max-width: 980px) 980px, (min-width: 981px) 1123px, 100vw\" \/><\/p>\n<p>[\/et_pb_slide][et_pb_slide _builder_version=&#8221;4.0.11&#8243; sticky_transition=&#8221;on&#8221;]<\/p>\n<p><img loading=\"lazy\" decoding=\"async\" class=\"alignnone wp-image-2250 size-full\" src=\"https:\/\/wesley.hu\/wesley-college\/wp-content\/uploads\/2020\/01\/prosjpg_Page6.jpg\" alt=\"\" width=\"1123\" height=\"1587\" srcset=\"https:\/\/wesley.hu\/wesley-college\/wp-content\/uploads\/2020\/01\/prosjpg_Page6.jpg 1123w, https:\/\/wesley.hu\/wesley-college\/wp-content\/uploads\/2020\/01\/prosjpg_Page6-980x1385.jpg 980w, https:\/\/wesley.hu\/wesley-college\/wp-content\/uploads\/2020\/01\/prosjpg_Page6-480x678.jpg 480w\" sizes=\"(min-width: 0px) and (max-width: 480px) 480px, (min-width: 481px) and (max-width: 980px) 980px, (min-width: 981px) 1123px, 100vw\" \/><\/p>\n<p>[\/et_pb_slide][et_pb_slide _builder_version=&#8221;4.0.11&#8243; sticky_transition=&#8221;on&#8221;]<\/p>\n<p><img loading=\"lazy\" decoding=\"async\" class=\"alignnone wp-image-2251 size-full\" src=\"https:\/\/wesley.hu\/wesley-college\/wp-content\/uploads\/2020\/01\/prosjpg_Page7.jpg\" alt=\"\" width=\"1123\" height=\"1587\" srcset=\"https:\/\/wesley.hu\/wesley-college\/wp-content\/uploads\/2020\/01\/prosjpg_Page7.jpg 1123w, https:\/\/wesley.hu\/wesley-college\/wp-content\/uploads\/2020\/01\/prosjpg_Page7-980x1385.jpg 980w, https:\/\/wesley.hu\/wesley-college\/wp-content\/uploads\/2020\/01\/prosjpg_Page7-480x678.jpg 480w\" sizes=\"(min-width: 0px) and (max-width: 480px) 480px, (min-width: 481px) and (max-width: 980px) 980px, (min-width: 981px) 1123px, 100vw\" \/><\/p>\n<p>[\/et_pb_slide][et_pb_slide _builder_version=&#8221;4.0.11&#8243; sticky_transition=&#8221;on&#8221;]<\/p>\n<p><img loading=\"lazy\" decoding=\"async\" class=\"alignnone wp-image-2252 size-full\" src=\"https:\/\/wesley.hu\/wesley-college\/wp-content\/uploads\/2020\/01\/prosjpg_Page8.jpg\" alt=\"\" width=\"1123\" height=\"1587\" srcset=\"https:\/\/wesley.hu\/wesley-college\/wp-content\/uploads\/2020\/01\/prosjpg_Page8.jpg 1123w, https:\/\/wesley.hu\/wesley-college\/wp-content\/uploads\/2020\/01\/prosjpg_Page8-980x1385.jpg 980w, https:\/\/wesley.hu\/wesley-college\/wp-content\/uploads\/2020\/01\/prosjpg_Page8-480x678.jpg 480w\" sizes=\"(min-width: 0px) and (max-width: 480px) 480px, (min-width: 481px) and (max-width: 980px) 980px, (min-width: 981px) 1123px, 100vw\" \/><\/p>\n<p>[\/et_pb_slide][et_pb_slide _builder_version=&#8221;4.0.11&#8243; sticky_transition=&#8221;on&#8221;]<\/p>\n<p><img loading=\"lazy\" decoding=\"async\" class=\"alignnone wp-image-2253 size-full\" src=\"https:\/\/wesley.hu\/wesley-college\/wp-content\/uploads\/2020\/01\/prosjpg_Page9.jpg\" alt=\"\" width=\"1123\" height=\"1587\" srcset=\"https:\/\/wesley.hu\/wesley-college\/wp-content\/uploads\/2020\/01\/prosjpg_Page9.jpg 1123w, https:\/\/wesley.hu\/wesley-college\/wp-content\/uploads\/2020\/01\/prosjpg_Page9-980x1385.jpg 980w, https:\/\/wesley.hu\/wesley-college\/wp-content\/uploads\/2020\/01\/prosjpg_Page9-480x678.jpg 480w\" sizes=\"(min-width: 0px) and (max-width: 480px) 480px, (min-width: 481px) and (max-width: 980px) 980px, (min-width: 981px) 1123px, 100vw\" \/><\/p>\n<p>[\/et_pb_slide][et_pb_slide _builder_version=&#8221;4.0.11&#8243; sticky_transition=&#8221;on&#8221;]<\/p>\n<p><img loading=\"lazy\" decoding=\"async\" class=\"alignnone wp-image-2254 size-full\" src=\"https:\/\/wesley.hu\/wesley-college\/wp-content\/uploads\/2020\/01\/prosjpg_Page10.jpg\" alt=\"\" width=\"1123\" height=\"1587\" srcset=\"https:\/\/wesley.hu\/wesley-college\/wp-content\/uploads\/2020\/01\/prosjpg_Page10.jpg 1123w, https:\/\/wesley.hu\/wesley-college\/wp-content\/uploads\/2020\/01\/prosjpg_Page10-980x1385.jpg 980w, https:\/\/wesley.hu\/wesley-college\/wp-content\/uploads\/2020\/01\/prosjpg_Page10-480x678.jpg 480w\" sizes=\"(min-width: 0px) and (max-width: 480px) 480px, (min-width: 481px) and (max-width: 980px) 980px, (min-width: 981px) 1123px, 100vw\" \/><\/p>\n<p>[\/et_pb_slide][et_pb_slide _builder_version=&#8221;4.0.11&#8243; sticky_transition=&#8221;on&#8221;]<\/p>\n<p><img loading=\"lazy\" decoding=\"async\" class=\"alignnone wp-image-2255 size-full\" src=\"https:\/\/wesley.hu\/wesley-college\/wp-content\/uploads\/2020\/01\/prosjpg_Page11.jpg\" alt=\"\" width=\"1123\" height=\"1587\" srcset=\"https:\/\/wesley.hu\/wesley-college\/wp-content\/uploads\/2020\/01\/prosjpg_Page11.jpg 1123w, https:\/\/wesley.hu\/wesley-college\/wp-content\/uploads\/2020\/01\/prosjpg_Page11-980x1385.jpg 980w, https:\/\/wesley.hu\/wesley-college\/wp-content\/uploads\/2020\/01\/prosjpg_Page11-480x678.jpg 480w\" sizes=\"(min-width: 0px) and (max-width: 480px) 480px, (min-width: 481px) and (max-width: 980px) 980px, (min-width: 981px) 1123px, 100vw\" \/><\/p>\n<p>[\/et_pb_slide][et_pb_slide _builder_version=&#8221;4.0.11&#8243; sticky_transition=&#8221;on&#8221;]<\/p>\n<p><img loading=\"lazy\" decoding=\"async\" class=\"alignnone wp-image-2256 size-full\" src=\"https:\/\/wesley.hu\/wesley-college\/wp-content\/uploads\/2020\/01\/prosjpg_Page12.jpg\" alt=\"\" width=\"1123\" height=\"1587\" srcset=\"https:\/\/wesley.hu\/wesley-college\/wp-content\/uploads\/2020\/01\/prosjpg_Page12.jpg 1123w, https:\/\/wesley.hu\/wesley-college\/wp-content\/uploads\/2020\/01\/prosjpg_Page12-980x1385.jpg 980w, https:\/\/wesley.hu\/wesley-college\/wp-content\/uploads\/2020\/01\/prosjpg_Page12-480x678.jpg 480w\" sizes=\"(min-width: 0px) and (max-width: 480px) 480px, (min-width: 481px) and (max-width: 980px) 980px, (min-width: 981px) 1123px, 100vw\" \/><\/p>\n<p>[\/et_pb_slide][\/et_pb_slider][\/et_pb_column][\/et_pb_row][\/et_pb_section]<\/p>\n","protected":false},"excerpt":{"rendered":"<p>&nbsp; \u00a0 Our College \u00a0 \u00a0 \u00a0The John Wesley Theological College was accredited in BUDAPEST, HUNGARY, European Union (since 2004) as a higher educational institution in 1991 right after the collapse of the Communist System. The College has been managed by the Hungarian Evangelical Fellowship\u00a0 (HEF or MET: Magyarorsz\u00e1gi Evang\u00e9liumi Testv\u00e9rk\u00f6z\u00f6ss\u00e9g in Hungarian).\u00a0 It was [&hellip;]<\/p>\n","protected":false},"author":1,"featured_media":0,"parent":76,"menu_order":0,"comment_status":"closed","ping_status":"closed","template":"","meta":{"_seopress_robots_primary_cat":"","_seopress_titles_title":"","_seopress_titles_desc":"","_seopress_robots_index":"","_et_pb_use_builder":"on","_et_pb_old_content":"<p>The John Wesley Theological College was accredited in BUDAPEST, HUNGARY, European Union (since 2004) as a higher educational institution in 1991 right after the collapse of the Communist System. The College has been managed by the <a href=\"http:\/\/www.metegyhaz.hu\/\">Hungarian Evangelical Fellowship\u00a0<\/a> (HEF or MET: Magyarorsz\u00e1gi Evang\u00e9liumi Testv\u00e9rk\u00f6z\u00f6ss\u00e9g in Hungarian).\u00a0 It was named after John Wesley\u00a0(\/\u02c8w\u025bsli\/;[1]\u00a028 June\u00a0[O.S.\u00a017 June]\u00a01703\u00a0\u2013 2 March 1791) was an\u00a0English\u00a0cleric,\u00a0<a href=\"https:\/\/en.wikipedia.org\/wiki\/Christian_theology\">t<\/a>heologian\u00a0and\u00a0evangelist who was a leader of a\u00a0revival\u00a0movement within the\u00a0Church of England\u00a0known as\u00a0Methodism.<\/p><p>The <strong>Mission Statement<\/strong> of the Wesley does not expect or require alignment of faith from students or professors in any of its departments including the theological department but it is based in the original mission of John Wesley; \u201c<em>Do all the good you can, by all the means you can, in all the ways you can, in all the places you can, at all the times you can, to all the people you can, as long as ever you can<\/em>.\"<\/p><p>Currently Wesley provides a unique, friendly environment for students and professors love to be grounded in the daily reality of social work, pedagogy and environmental protection, close the citizens and communities.\u00a0 District 8 guarantees that professionals will live together with the users.<\/p><p><img class=\"aligncenter wp-image-319 \" src=\"https:\/\/wesley.hu\/wesley-college\/wp-content\/uploads\/2019\/05\/WJLF-1024x666.jpg\" alt=\"\" width=\"873\" height=\"568\" \/><\/p>","_et_gb_content_width":"","footnotes":""},"class_list":["post-101","page","type-page","status-publish","hentry"],"_links":{"self":[{"href":"https:\/\/wesley.hu\/wesley-college\/wp-json\/wp\/v2\/pages\/101","targetHints":{"allow":["GET"]}}],"collection":[{"href":"https:\/\/wesley.hu\/wesley-college\/wp-json\/wp\/v2\/pages"}],"about":[{"href":"https:\/\/wesley.hu\/wesley-college\/wp-json\/wp\/v2\/types\/page"}],"author":[{"embeddable":true,"href":"https:\/\/wesley.hu\/wesley-college\/wp-json\/wp\/v2\/users\/1"}],"replies":[{"embeddable":true,"href":"https:\/\/wesley.hu\/wesley-college\/wp-json\/wp\/v2\/comments?post=101"}],"version-history":[{"count":5,"href":"https:\/\/wesley.hu\/wesley-college\/wp-json\/wp\/v2\/pages\/101\/revisions"}],"predecessor-version":[{"id":5371,"href":"https:\/\/wesley.hu\/wesley-college\/wp-json\/wp\/v2\/pages\/101\/revisions\/5371"}],"up":[{"embeddable":true,"href":"https:\/\/wesley.hu\/wesley-college\/wp-json\/wp\/v2\/pages\/76"}],"wp:attachment":[{"href":"https:\/\/wesley.hu\/wesley-college\/wp-json\/wp\/v2\/media?parent=101"}],"curies":[{"name":"wp","href":"https:\/\/api.w.org\/{rel}","templated":true}]}}